{"id":915,"date":"2023-10-29T19:07:48","date_gmt":"2023-10-29T18:07:48","guid":{"rendered":"http:\/\/www.publicomm.at\/?page_id=915"},"modified":"2024-09-25T10:13:49","modified_gmt":"2024-09-25T08:13:49","slug":"lot-2-plug-in-exercises","status":"publish","type":"page","link":"https:\/\/www.publicomm.at\/de\/lot-2-plug-in-exercises\/","title":{"rendered":"Lot 2 IDMEX - Plug-in \u00dcbungen"},"content":{"rendered":"<div data-elementor-type=\"wp-page\" data-elementor-id=\"915\" class=\"elementor elementor-915\" data-elementor-post-type=\"page\">\n\t\t\t\t\t\t<section class=\"elementor-section elementor-top-section elementor-element elementor-element-47861ca elementor-section-full_width headersection elementor-section-height-default elementor-section-height-default\" data-id=\"47861ca\" data-element_type=\"section\">\n\t\t\t\t\t\t<div class=\"elementor-container elementor-column-gap-default\">\n\t\t\t\t\t<div class=\"elementor-column elementor-col-100 elementor-top-column elementor-element elementor-element-0927de5 headerimage\" data-id=\"0927de5\" data-element_type=\"column\" data-settings=\"{&quot;background_background&quot;:&quot;classic&quot;}\">\n\t\t\t<div class=\"elementor-widget-wrap\">\n\t\t\t\t\t\t\t<\/div>\n\t\t<\/div>\n\t\t\t\t\t<\/div>\n\t\t<\/section>\n\t\t\t\t<section class=\"elementor-section elementor-top-section elementor-element elementor-element-fa95218 elementor-section-boxed elementor-section-height-default elementor-section-height-default\" data-id=\"fa95218\" data-element_type=\"section\">\n\t\t\t\t\t\t<div class=\"elementor-container elementor-column-gap-default\">\n\t\t\t\t\t<div class=\"elementor-column elementor-col-100 elementor-top-column elementor-element elementor-element-e7b6934\" data-id=\"e7b6934\" data-element_type=\"column\">\n\t\t\t<div class=\"elementor-widget-wrap elementor-element-populated\">\n\t\t\t\t\t\t<div class=\"elementor-element elementor-element-3d5d764 elementor-widget elementor-widget-heading\" data-id=\"3d5d764\" data-element_type=\"widget\" data-widget_type=\"heading.default\">\n\t\t\t\t<div class=\"elementor-widget-container\">\n\t\t\t<h2 class=\"elementor-heading-title elementor-size-default\">Lot 2 IDMEX - Plug-in \u00dcbungen<\/h2>\t\t<\/div>\n\t\t\t\t<\/div>\n\t\t\t\t\t<\/div>\n\t\t<\/div>\n\t\t\t\t\t<\/div>\n\t\t<\/section>\n\t\t\t\t<section class=\"elementor-section elementor-top-section elementor-element elementor-element-34ff9b8 elementor-section-boxed elementor-section-height-default elementor-section-height-default\" data-id=\"34ff9b8\" data-element_type=\"section\">\n\t\t\t\t\t\t<div class=\"elementor-container elementor-column-gap-default\">\n\t\t\t\t\t<div class=\"elementor-column elementor-col-100 elementor-top-column elementor-element elementor-element-72ef2b9\" data-id=\"72ef2b9\" data-element_type=\"column\" data-settings=\"{&quot;background_background&quot;:&quot;classic&quot;}\">\n\t\t\t<div class=\"elementor-widget-wrap elementor-element-populated\">\n\t\t\t\t\t\t<div class=\"elementor-element elementor-element-806b6f8 elementor-widget elementor-widget-text-editor\" data-id=\"806b6f8\" data-element_type=\"widget\" data-widget_type=\"text-editor.default\">\n\t\t\t\t<div class=\"elementor-widget-container\">\n\t\t\t\t\t\t\t<p>pCC was a member of the IDMEX consortium, conducting two tenders for 2018 Lot 2 (Plug-in Exercises) and Lot 3 (Host Nation Support table-top exercises &#8211; HNS TTX) for DG ECHO. Both projects were new developments, so Lot 2 was a PIX (plug-in exercise) for EU modules and EUCPT in the Caribbean in September 2019 and Lot 3 was the creation and conducting of three TTX (tabletop exercises) for HNS (Host Nation Support) after disasters.<\/p>\n<p><\/p>\n<p>Der PIX wurde in enger Zusammenarbeit mit der Europ\u00e4ischen Kommission und den gastgebenden Organisationen konzipiert, geplant, durchgef\u00fchrt und ausgewertet. Der PIX bot reale Bedingungen zum Testen und Lernen f\u00fcr internationale Aktivierung des Mechanismus an, einschlie\u00dflich des Zusammenspiels von Modulen, TAST, EUCPT und UNDAC, mit besonderem Augenmerk auf die breitere Notfallgemeinschaft. <br>Die schweren Zerst\u00f6rungen, die der Wirbelsturm Eurian auf den Inseln Bonaire und Cura\u00e7\u00e3o angerichtet hat, \u00fcberforderten die lokalen Kapazit\u00e4ten der Notfallhilfe, so dass ein Ersuchen um internationale Hilfe notwendig wurde. Das Empfangs- und Abreisezentrum am internationalen Flughafen von Cura\u00e7\u00e3o registrierte die ankommenden internationalen Einsatzteams. <br>Diese PIX fanden in enger Zusammenarbeit mit der gastgebenden Organisation, den zust\u00e4ndigen nationalen Beh\u00f6rden und dem lokalen Notfallmanagement, den NRO, den UN-Organisationen (z. B. UNDAC) oder den humanit\u00e4ren Akteuren im weiteren Sinne (Rotes Kreuz\/Halbmond) statt, je nach dem Szenario, das in der gro\u00df angelegten Feld\u00fcbung vorgegeben wurde.<br>Jeder PIX dauerte drei volle Tage (ohne Reisezeiten). Gemeinsam sorgten das Personal und das Projektmanagementteam f\u00fcr eine vollst\u00e4ndige \u00dcbungst\u00e4tigkeit, indem sie einen ganzheitlichen Ansatz f\u00fcr die Projektdurchf\u00fchrung verfolgten. <br>Die beiden PIX wurden in der Karibik mit der K\u00f6niglichen Niederl\u00e4ndischen Marine (als Hauptbeteiligter) durchgef\u00fchrt, und es wurde der Test einer realen \u00dcbergabe\/\u00dcbernahme zwischen EU-Katastrophenschutzteams (EUCPT) durchgef\u00fchrt.<\/p>\t\t\t\t\t\t<\/div>\n\t\t\t\t<\/div>\n\t\t\t\t\t<\/div>\n\t\t<\/div>\n\t\t\t\t\t<\/div>\n\t\t<\/section>\n\t\t\t\t<\/div>","protected":false},"excerpt":{"rendered":"<p>Lot 2 IDMEX &#8211; Plug-in Exercises pCC was a member of the IDMEX consortium, conducting two tenders for 2018 Lot 2 (Plug-in Exercises) and Lot 3 (Host Nation Support table-top exercises &#8211; HNS TTX) for DG ECHO. Both projects were new developments, so Lot 2 was a PIX (plug-in exercise) for EU modules and EUCPT [&hellip;]<\/p>","protected":false},"author":1,"featured_media":0,"parent":0,"menu_order":0,"comment_status":"closed","ping_status":"closed","template":"","meta":{"_ti_tpc_template_sync":false,"_ti_tpc_template_id":"","footnotes":""},"class_list":["post-915","page","type-page","status-publish","hentry"],"_links":{"self":[{"href":"https:\/\/www.publicomm.at\/de\/wp-json\/wp\/v2\/pages\/915","targetHints":{"allow":["GET"]}}],"collection":[{"href":"https:\/\/www.publicomm.at\/de\/wp-json\/wp\/v2\/pages"}],"about":[{"href":"https:\/\/www.publicomm.at\/de\/wp-json\/wp\/v2\/types\/page"}],"author":[{"embeddable":true,"href":"https:\/\/www.publicomm.at\/de\/wp-json\/wp\/v2\/users\/1"}],"replies":[{"embeddable":true,"href":"https:\/\/www.publicomm.at\/de\/wp-json\/wp\/v2\/comments?post=915"}],"version-history":[{"count":26,"href":"https:\/\/www.publicomm.at\/de\/wp-json\/wp\/v2\/pages\/915\/revisions"}],"predecessor-version":[{"id":1864,"href":"https:\/\/www.publicomm.at\/de\/wp-json\/wp\/v2\/pages\/915\/revisions\/1864"}],"wp:attachment":[{"href":"https:\/\/www.publicomm.at\/de\/wp-json\/wp\/v2\/media?parent=915"}],"curies":[{"name":"wp","href":"https:\/\/api.w.org\/{rel}","templated":true}]}}