{"id":910,"date":"2023-10-29T19:00:18","date_gmt":"2023-10-29T18:00:18","guid":{"rendered":"http:\/\/www.publicomm.at\/?page_id=910"},"modified":"2024-09-25T10:13:08","modified_gmt":"2024-09-25T08:13:08","slug":"lot-3-idmex","status":"publish","type":"page","link":"https:\/\/www.publicomm.at\/de\/lot-3-idmex\/","title":{"rendered":"IDMEX consortium"},"content":{"rendered":"<div data-elementor-type=\"wp-page\" data-elementor-id=\"910\" class=\"elementor elementor-910\" data-elementor-post-type=\"page\">\n\t\t\t\t\t\t<section class=\"elementor-section elementor-top-section elementor-element elementor-element-0c207a9 elementor-section-full_width headersection elementor-section-height-default elementor-section-height-default\" data-id=\"0c207a9\" data-element_type=\"section\">\n\t\t\t\t\t\t<div class=\"elementor-container elementor-column-gap-default\">\n\t\t\t\t\t<div class=\"elementor-column elementor-col-100 elementor-top-column elementor-element elementor-element-fdfc8c3 headerimage\" data-id=\"fdfc8c3\" data-element_type=\"column\" data-settings=\"{&quot;background_background&quot;:&quot;classic&quot;}\">\n\t\t\t<div class=\"elementor-widget-wrap\">\n\t\t\t\t\t\t\t<\/div>\n\t\t<\/div>\n\t\t\t\t\t<\/div>\n\t\t<\/section>\n\t\t\t\t<section class=\"elementor-section elementor-top-section elementor-element elementor-element-0d554e1 elementor-section-boxed elementor-section-height-default elementor-section-height-default\" data-id=\"0d554e1\" data-element_type=\"section\">\n\t\t\t\t\t\t<div class=\"elementor-container elementor-column-gap-default\">\n\t\t\t\t\t<div class=\"elementor-column elementor-col-100 elementor-top-column elementor-element elementor-element-433a894\" data-id=\"433a894\" data-element_type=\"column\">\n\t\t\t<div class=\"elementor-widget-wrap elementor-element-populated\">\n\t\t\t\t\t\t<div class=\"elementor-element elementor-element-67456e5 elementor-widget elementor-widget-heading\" data-id=\"67456e5\" data-element_type=\"widget\" data-widget_type=\"heading.default\">\n\t\t\t\t<div class=\"elementor-widget-container\">\n\t\t\t<h2 class=\"elementor-heading-title elementor-size-default\">IDMEX consortium<\/h2>\t\t<\/div>\n\t\t\t\t<\/div>\n\t\t\t\t\t<\/div>\n\t\t<\/div>\n\t\t\t\t\t<\/div>\n\t\t<\/section>\n\t\t\t\t<section class=\"elementor-section elementor-top-section elementor-element elementor-element-b1999aa elementor-section-boxed elementor-section-height-default elementor-section-height-default\" data-id=\"b1999aa\" data-element_type=\"section\">\n\t\t\t\t\t\t<div class=\"elementor-container elementor-column-gap-default\">\n\t\t\t\t\t<div class=\"elementor-column elementor-col-100 elementor-top-column elementor-element elementor-element-71d1ee8\" data-id=\"71d1ee8\" data-element_type=\"column\" data-settings=\"{&quot;background_background&quot;:&quot;classic&quot;}\">\n\t\t\t<div class=\"elementor-widget-wrap elementor-element-populated\">\n\t\t\t\t\t\t<div class=\"elementor-element elementor-element-b5bef4e elementor-widget elementor-widget-text-editor\" data-id=\"b5bef4e\" data-element_type=\"widget\" data-widget_type=\"text-editor.default\">\n\t\t\t\t<div class=\"elementor-widget-container\">\n\t\t\t\t\t\t\t<p>pCC was a member of the IDMEX consortium, conducting two tenders for 2018 Lot 2 (Plug-in Exercises) and Lot 3 (Host Nation Support table-top exercises &#8211; HNS TTX) for DG ECHO. Both projects were new developments, so Lot 2 was a PIX (plug-in exercise) for EU modules and EUCPT in the Caribbean in September 2019 and Lot 3 was the creation and conducting of three TTX (tabletop exercises) for HNS (Host Nation Support) after disasters.<\/p>\n<p><br><\/p>\n<h4>Lot 3 IDMEX &#8211; HNS TTX<\/h4>\n<p>Ziel war die Konzeption, Planung, Durchf\u00fchrung und Selbstevaluierung von Tabletop-\u00dcbungen zur Unterst\u00fctzung des Gastlandes f\u00fcr die wichtigsten Akteure der UCPM-Reaktion, einschlie\u00dflich des ERCC und seiner wichtigsten Gespr\u00e4chspartner auf europ\u00e4ischer, nationaler und internationaler Ebene.<br>Ziel war es, den Austausch von Abl\u00e4ufen und Best Practices in Bezug auf die Aufnahme und Koordinierung der eintreffenden internationalen Hilfe in einem betroffenen Nicht-EU-Land und in einem teilnehmenden Staat zu verbessern. Die Kenntnisse \u00fcber die EU Host Nation Support -Leitlinien f\u00fcr die Unterst\u00fctzung durch das Gastland sollten erh\u00f6ht werden und m\u00f6gliche Bereiche f\u00fcr Verbesserungen im institutionellen und operativen Rahmen der Notfallma\u00dfnahmen wurden ermittelt. <br>Das wichtigste \u00dcbungsszenario war schwere \u00dcberschwemmungen in \u00d6sterreich, und es wurde so konzipiert, dass die folgenden Ma\u00dfnahmen abgedeckt wurden:<\/p>\n<ul>\n<li>Rechtsrahmen f\u00fcr HNS im Gastland<\/li>\n<li>Konsularische Unterst\u00fctzung bei Katastrophenhilfe<\/li>\n<li>Szenario in einer komplexen Umgebung.<\/li>\n<\/ul>\n<p>Die HNS TTX fanden in Eisenerz, \u00d6sterreich (innerhalb der EU), Mirdite, Albanien (au\u00dferhalb der EU) und Accra, Ghana (au\u00dferhalb Europas) statt und waren risikobasierte \u00dcbungsszenarien (\u00dcberschwemmung, Erdbeben, Ausbruch einer Epidemie) in jeder Region und wurden nach einem Scale-up-Ansatz konzipiert.<\/p>\n<p><br><\/p>\n<h4>Lot 2 IDMEX<span style=\"font-size: 1.5rem; background-color: var( --e-global-color-974c099 );\">&nbsp;<\/span>&#8211; Plug-in Exercises<\/h4>\n<p>Der PIX wurde in enger Zusammenarbeit mit der Europ\u00e4ischen Kommission und den gastgebenden Organisationen konzipiert, geplant, durchgef\u00fchrt und ausgewertet. Der PIX bot reale Bedingungen zum Testen und Lernen f\u00fcr internationale Aktivierung des Mechanismus an, einschlie\u00dflich des Zusammenspiels von Modulen, TAST, EUCPT und UNDAC, mit besonderem Augenmerk auf die breitere Notfallgemeinschaft. <br>The severe destruction caused by Hurricane Eurian on the islands of Bonaire and Cura\u00e7\u00e3o overwhelmed local capacities of emergency response, making a request for international assistance necessary. The Reception and Departure Centre (RDC) at Cura\u00e7\u00e3o International Airport registers incoming international response teams. <br>Diese PIX fanden in enger Zusammenarbeit mit der gastgebenden Organisation, den zust\u00e4ndigen nationalen Beh\u00f6rden und dem lokalen Notfallmanagement, den NRO, den UN-Organisationen (z. B. UNDAC) oder den humanit\u00e4ren Akteuren im weiteren Sinne (Rotes Kreuz\/Halbmond) statt, je nach dem Szenario, das in der gro\u00df angelegten Feld\u00fcbung vorgegeben wurde.<br>Every PIX lasted three full days (excluding travel times). Together, the staff and the project management team will ensure a complete exercise activity by following a holistic approach to the project implementation. <br>The two PIX were conducted in the Caribbean with the Royal Dutch Navy (as the main contributor), and the test of a real hand-over\/take-over between EU Civil Protection teams (EUCPT) is foreseen.<\/p>\t\t\t\t\t\t<\/div>\n\t\t\t\t<\/div>\n\t\t\t\t\t<\/div>\n\t\t<\/div>\n\t\t\t\t\t<\/div>\n\t\t<\/section>\n\t\t\t\t<\/div>","protected":false},"excerpt":{"rendered":"<p>IDMEX consortium pCC was a member of the IDMEX consortium, conducting two tenders for 2018 Lot 2 (Plug-in Exercises) and Lot 3 (Host Nation Support table-top exercises &#8211; HNS TTX) for DG ECHO. Both projects were new developments, so Lot 2 was a PIX (plug-in exercise) for EU modules and EUCPT in the Caribbean in [&hellip;]<\/p>","protected":false},"author":1,"featured_media":0,"parent":0,"menu_order":0,"comment_status":"closed","ping_status":"closed","template":"","meta":{"_ti_tpc_template_sync":false,"_ti_tpc_template_id":"","footnotes":""},"class_list":["post-910","page","type-page","status-publish","hentry"],"_links":{"self":[{"href":"https:\/\/www.publicomm.at\/de\/wp-json\/wp\/v2\/pages\/910","targetHints":{"allow":["GET"]}}],"collection":[{"href":"https:\/\/www.publicomm.at\/de\/wp-json\/wp\/v2\/pages"}],"about":[{"href":"https:\/\/www.publicomm.at\/de\/wp-json\/wp\/v2\/types\/page"}],"author":[{"embeddable":true,"href":"https:\/\/www.publicomm.at\/de\/wp-json\/wp\/v2\/users\/1"}],"replies":[{"embeddable":true,"href":"https:\/\/www.publicomm.at\/de\/wp-json\/wp\/v2\/comments?post=910"}],"version-history":[{"count":20,"href":"https:\/\/www.publicomm.at\/de\/wp-json\/wp\/v2\/pages\/910\/revisions"}],"predecessor-version":[{"id":1861,"href":"https:\/\/www.publicomm.at\/de\/wp-json\/wp\/v2\/pages\/910\/revisions\/1861"}],"wp:attachment":[{"href":"https:\/\/www.publicomm.at\/de\/wp-json\/wp\/v2\/media?parent=910"}],"curies":[{"name":"wp","href":"https:\/\/api.w.org\/{rel}","templated":true}]}}