{"id":905,"date":"2023-10-29T18:59:34","date_gmt":"2023-10-29T17:59:34","guid":{"rendered":"http:\/\/www.publicomm.at\/?page_id=905"},"modified":"2024-09-25T10:12:06","modified_gmt":"2024-09-25T08:12:06","slug":"indima","status":"publish","type":"page","link":"https:\/\/www.publicomm.at\/de\/indima\/","title":{"rendered":"Indima"},"content":{"rendered":"<div data-elementor-type=\"wp-page\" data-elementor-id=\"905\" class=\"elementor elementor-905\" data-elementor-post-type=\"page\">\n\t\t\t\t\t\t<section class=\"elementor-section elementor-top-section elementor-element elementor-element-47a2d5d elementor-section-full_width headersection elementor-section-height-default elementor-section-height-default\" data-id=\"47a2d5d\" data-element_type=\"section\">\n\t\t\t\t\t\t<div class=\"elementor-container elementor-column-gap-default\">\n\t\t\t\t\t<div class=\"elementor-column elementor-col-100 elementor-top-column elementor-element elementor-element-2fe9f16 headerimage\" data-id=\"2fe9f16\" data-element_type=\"column\" data-settings=\"{&quot;background_background&quot;:&quot;classic&quot;}\">\n\t\t\t<div class=\"elementor-widget-wrap\">\n\t\t\t\t\t\t\t<\/div>\n\t\t<\/div>\n\t\t\t\t\t<\/div>\n\t\t<\/section>\n\t\t\t\t<section class=\"elementor-section elementor-top-section elementor-element elementor-element-d5fb137 elementor-section-boxed elementor-section-height-default elementor-section-height-default\" data-id=\"d5fb137\" data-element_type=\"section\">\n\t\t\t\t\t\t<div class=\"elementor-container elementor-column-gap-default\">\n\t\t\t\t\t<div class=\"elementor-column elementor-col-100 elementor-top-column elementor-element elementor-element-5c4299d\" data-id=\"5c4299d\" data-element_type=\"column\">\n\t\t\t<div class=\"elementor-widget-wrap elementor-element-populated\">\n\t\t\t\t\t\t<div class=\"elementor-element elementor-element-9abb362 elementor-widget elementor-widget-heading\" data-id=\"9abb362\" data-element_type=\"widget\" data-widget_type=\"heading.default\">\n\t\t\t\t<div class=\"elementor-widget-container\">\n\t\t\t<h2 class=\"elementor-heading-title elementor-size-default\">INDIMA<\/h2>\t\t<\/div>\n\t\t\t\t<\/div>\n\t\t\t\t\t<\/div>\n\t\t<\/div>\n\t\t\t\t\t<\/div>\n\t\t<\/section>\n\t\t\t\t<section class=\"elementor-section elementor-top-section elementor-element elementor-element-09adfca elementor-section-boxed elementor-section-height-default elementor-section-height-default\" data-id=\"09adfca\" data-element_type=\"section\">\n\t\t\t\t\t\t<div class=\"elementor-container elementor-column-gap-default\">\n\t\t\t\t\t<div class=\"elementor-column elementor-col-100 elementor-top-column elementor-element elementor-element-fbd3f06\" data-id=\"fbd3f06\" data-element_type=\"column\" data-settings=\"{&quot;background_background&quot;:&quot;classic&quot;}\">\n\t\t\t<div class=\"elementor-widget-wrap elementor-element-populated\">\n\t\t\t\t\t\t<div class=\"elementor-element elementor-element-8f5f74f elementor-widget elementor-widget-text-editor\" data-id=\"8f5f74f\" data-element_type=\"widget\" data-widget_type=\"text-editor.default\">\n\t\t\t\t<div class=\"elementor-widget-container\">\n\t\t\t\t\t\t\t<p>Wir waren Mitglied des INDIMA-Konsortiums (INtegrated DIsaster Management: Go Digital \u2013 ein neuer Ansatz f\u00fcr Zivilschutz Projekte), das ein Netzwerkkonzept f\u00fcr einen besseren und ganzheitlichen Katastrophenschutz und ein Katastrophenrisikomanagement entwickelt hat, indem es alle relevanten Interessengruppen in ein neues Konzept integriert hat.<\/p><p>Das Projekt INDIMA umfasste folgende Schwerpunkte: Bedarfsanalyse, Kartierung der wichtigsten Interessengruppen, eine Online-Umfrage und drei Online-Workshops zu den Themen Kommunikation, rechtliche Aspekte und Interoperabilit\u00e4t. Die Ergebnisse dieses Prozesses f\u00fchrten zu einem Konzept f\u00fcr einen integrierten Ansatz mit Instrumenten wie einem Handbuch und Checklisten (in gedruckter Form und als MS Office-Vorlagen).<\/p><p>Dieses Konzept wurde in einer SIMEX-\u00dcbung (Simulations\u00fcbung) mit etwa 40 Teilnehmern aus mehreren europ\u00e4ischen Staaten getestet, wobei die Situation in einer von der virtuellen Realit\u00e4t unterst\u00fctzten Simulation visualisiert wurde. Sie zeigt eine gro\u00dfe Katastrophe mit Kaskadeneffekten, die mehrere EU- und Nicht-EU-Staaten betrifft.<\/p><p>publiComm was responsible for two work packages, giving technical and organisational advice, and supporting in managing the project. pCC was responsible for WP2, planning and activities and WP3, communication. pCC provided several key experts and independent consultants for project development with extensive experience in national and international missions, project management, disaster risk management, critical infrastructure risks and relief coordination.<\/p><p>Die Kommunikation, Sichtbarkeit und Verbreitung des Projekts wurde durch WP3, Projekt- und SIMEX-Handb\u00fccher, die Ver\u00f6ffentlichung des gedruckten INDIMA-Kurzleitfadens und die sichtbaren Artikeln abgedeckt.<\/p><p>\u00a0<\/p><p><iframe title=\"INDIMA-project: Statement from Secretary of State, DR. Raed ARAFAT\" width=\"800\" height=\"450\" src=\"https:\/\/www.youtube.com\/embed\/KDBP8A-dKz0?feature=oembed\" frameborder=\"0\" allow=\"accelerometer; autoplay; clipboard-write; encrypted-media; gyroscope; picture-in-picture; web-share\" allowfullscreen><\/iframe><\/p><p>\u00a0<\/p>\t\t\t\t\t\t<\/div>\n\t\t\t\t<\/div>\n\t\t\t\t<div class=\"elementor-element elementor-element-b111398 elementor-widget elementor-widget-button\" data-id=\"b111398\" data-element_type=\"widget\" data-widget_type=\"button.default\">\n\t\t\t\t<div class=\"elementor-widget-container\">\n\t\t\t\t\t<div class=\"elementor-button-wrapper\">\n\t\t\t<a class=\"elementor-button elementor-button-link elementor-size-sm\" href=\"https:\/\/www.youtube.com\/@indima-project7421\" target=\"_blank\" https=\"\">\n\t\t\t\t\t\t<span class=\"elementor-button-content-wrapper\">\n\t\t\t\t\t\t<span class=\"elementor-button-icon\">\n\t\t\t\t<i aria-hidden=\"true\" class=\"fas fa-long-arrow-alt-right\"><\/i>\t\t\t<\/span>\n\t\t\t\t\t\t\t\t\t<span class=\"elementor-button-text\">mehr<\/span>\n\t\t\t\t\t<\/span>\n\t\t\t\t\t<\/a>\n\t\t<\/div>\n\t\t\t\t<\/div>\n\t\t\t\t<\/div>\n\t\t\t\t\t<\/div>\n\t\t<\/div>\n\t\t\t\t\t<\/div>\n\t\t<\/section>\n\t\t\t\t<section class=\"elementor-section elementor-top-section elementor-element elementor-element-1eca550 elementor-section-boxed elementor-section-height-default elementor-section-height-default\" data-id=\"1eca550\" data-element_type=\"section\">\n\t\t\t\t\t\t<div class=\"elementor-container elementor-column-gap-default\">\n\t\t\t\t\t<div class=\"elementor-column elementor-col-100 elementor-top-column elementor-element elementor-element-08a8168\" data-id=\"08a8168\" data-element_type=\"column\">\n\t\t\t<div class=\"elementor-widget-wrap elementor-element-populated\">\n\t\t\t\t\t\t<section class=\"elementor-section elementor-inner-section elementor-element elementor-element-2845e40 elementor-section-boxed elementor-section-height-default elementor-section-height-default\" data-id=\"2845e40\" data-element_type=\"section\">\n\t\t\t\t\t\t<div class=\"elementor-container elementor-column-gap-default\">\n\t\t\t\t\t<div class=\"elementor-column elementor-col-50 elementor-inner-column elementor-element elementor-element-fbc4f9e\" data-id=\"fbc4f9e\" data-element_type=\"column\">\n\t\t\t<div class=\"elementor-widget-wrap\">\n\t\t\t\t\t\t\t<\/div>\n\t\t<\/div>\n\t\t\t\t<div class=\"elementor-column elementor-col-50 elementor-inner-column elementor-element elementor-element-03889a4\" data-id=\"03889a4\" data-element_type=\"column\">\n\t\t\t<div class=\"elementor-widget-wrap\">\n\t\t\t\t\t\t\t<\/div>\n\t\t<\/div>\n\t\t\t\t\t<\/div>\n\t\t<\/section>\n\t\t\t\t\t<\/div>\n\t\t<\/div>\n\t\t\t\t\t<\/div>\n\t\t<\/section>\n\t\t\t\t<\/div>","protected":false},"excerpt":{"rendered":"<p>INDIMA We were a member of the INDIMA (INtegrated DIsaster Management: Go Digital \u2013 a new approach for CP projects) consortium, developed and enhanced a network concept for better and holistic civil protection and disaster risk management by integrating all relevant stakeholders into a new concept. The project INDIMA covered the following focal points: needs [&hellip;]<\/p>","protected":false},"author":1,"featured_media":0,"parent":0,"menu_order":0,"comment_status":"closed","ping_status":"closed","template":"","meta":{"_ti_tpc_template_sync":false,"_ti_tpc_template_id":"","footnotes":""},"class_list":["post-905","page","type-page","status-publish","hentry"],"_links":{"self":[{"href":"https:\/\/www.publicomm.at\/de\/wp-json\/wp\/v2\/pages\/905","targetHints":{"allow":["GET"]}}],"collection":[{"href":"https:\/\/www.publicomm.at\/de\/wp-json\/wp\/v2\/pages"}],"about":[{"href":"https:\/\/www.publicomm.at\/de\/wp-json\/wp\/v2\/types\/page"}],"author":[{"embeddable":true,"href":"https:\/\/www.publicomm.at\/de\/wp-json\/wp\/v2\/users\/1"}],"replies":[{"embeddable":true,"href":"https:\/\/www.publicomm.at\/de\/wp-json\/wp\/v2\/comments?post=905"}],"version-history":[{"count":13,"href":"https:\/\/www.publicomm.at\/de\/wp-json\/wp\/v2\/pages\/905\/revisions"}],"predecessor-version":[{"id":1858,"href":"https:\/\/www.publicomm.at\/de\/wp-json\/wp\/v2\/pages\/905\/revisions\/1858"}],"wp:attachment":[{"href":"https:\/\/www.publicomm.at\/de\/wp-json\/wp\/v2\/media?parent=905"}],"curies":[{"name":"wp","href":"https:\/\/api.w.org\/{rel}","templated":true}]}}