{"id":900,"date":"2023-10-29T18:57:53","date_gmt":"2023-10-29T17:57:53","guid":{"rendered":"http:\/\/www.publicomm.at\/?page_id=900"},"modified":"2023-11-22T09:23:23","modified_gmt":"2023-11-22T08:23:23","slug":"host-nation-support","status":"publish","type":"page","link":"https:\/\/www.publicomm.at\/de\/host-nation-support\/","title":{"rendered":"Host Nation Support"},"content":{"rendered":"<div data-elementor-type=\"wp-page\" data-elementor-id=\"900\" class=\"elementor elementor-900\" data-elementor-post-type=\"page\">\n\t\t\t\t\t\t<section class=\"elementor-section elementor-top-section elementor-element elementor-element-490e54d elementor-section-full_width headersection elementor-section-height-default elementor-section-height-default\" data-id=\"490e54d\" data-element_type=\"section\">\n\t\t\t\t\t\t<div class=\"elementor-container elementor-column-gap-default\">\n\t\t\t\t\t<div class=\"elementor-column elementor-col-100 elementor-top-column elementor-element elementor-element-0d341d7 headerimage\" data-id=\"0d341d7\" data-element_type=\"column\" data-settings=\"{&quot;background_background&quot;:&quot;classic&quot;}\">\n\t\t\t<div class=\"elementor-widget-wrap\">\n\t\t\t\t\t\t\t<\/div>\n\t\t<\/div>\n\t\t\t\t\t<\/div>\n\t\t<\/section>\n\t\t\t\t<section class=\"elementor-section elementor-top-section elementor-element elementor-element-65793fb elementor-section-boxed elementor-section-height-default elementor-section-height-default\" data-id=\"65793fb\" data-element_type=\"section\">\n\t\t\t\t\t\t<div class=\"elementor-container elementor-column-gap-default\">\n\t\t\t\t\t<div class=\"elementor-column elementor-col-100 elementor-top-column elementor-element elementor-element-354c261\" data-id=\"354c261\" data-element_type=\"column\">\n\t\t\t<div class=\"elementor-widget-wrap elementor-element-populated\">\n\t\t\t\t\t\t<div class=\"elementor-element elementor-element-c9433b3 elementor-widget elementor-widget-heading\" data-id=\"c9433b3\" data-element_type=\"widget\" data-widget_type=\"heading.default\">\n\t\t\t\t<div class=\"elementor-widget-container\">\n\t\t\t<h2 class=\"elementor-heading-title elementor-size-default\">EU HNS<\/h2>\t\t<\/div>\n\t\t\t\t<\/div>\n\t\t\t\t\t<\/div>\n\t\t<\/div>\n\t\t\t\t\t<\/div>\n\t\t<\/section>\n\t\t\t\t<section class=\"elementor-section elementor-top-section elementor-element elementor-element-1b0d0ee elementor-section-boxed elementor-section-height-default elementor-section-height-default\" data-id=\"1b0d0ee\" data-element_type=\"section\">\n\t\t\t\t\t\t<div class=\"elementor-container elementor-column-gap-default\">\n\t\t\t\t\t<div class=\"elementor-column elementor-col-100 elementor-top-column elementor-element elementor-element-0bda3b6\" data-id=\"0bda3b6\" data-element_type=\"column\" data-settings=\"{&quot;background_background&quot;:&quot;classic&quot;}\">\n\t\t\t<div class=\"elementor-widget-wrap elementor-element-populated\">\n\t\t\t\t\t\t<div class=\"elementor-element elementor-element-7702a8c elementor-widget elementor-widget-text-editor\" data-id=\"7702a8c\" data-element_type=\"widget\" data-widget_type=\"text-editor.default\">\n\t\t\t\t<div class=\"elementor-widget-container\">\n\t\t\t\t\t\t\t<p>Ziel des Auftrags war es, zwei Tabletop-\u00dcbungen (TTX) zu konzipieren, zu planen, durchzuf\u00fchren und auszuwerten, bei denen die Unterst\u00fctzung durch das Gastland (Host Nation Support - HNS) das zentrale Thema f\u00fcr die wichtigsten an einer UCPM-Reaktion beteiligten Akteure war.<\/p><p>Die beiden HNS TTX mussten in verschiedenen L\u00e4ndern au\u00dferhalb Europas mit unterschiedlichen Notfallmanagementstrukturen durchgef\u00fchrt werden.<\/p><p>Das Host Nation Support-Projekt mit Entwicklung und Feld\u00fcbungen wurde erfolgreich in der Republik Moldau und dem Haschemitisches K\u00f6nigreich Jordanien durchgef\u00fchrt. Wir haben in der Projektphase die HNS-Kurzreferenzkarte und den EU-HNS-Taschenf\u00fchrer entwickelt und Elemente des HNS-Toolkits, die die Teilnehmer durch die \u00dcbung begleiteten. Das Projekt bot den Teilnehmern auch die M\u00f6glichkeit, in einem Virtual-Reality-Szenario zu \u00fcben, so dass sie einen Eindruck davon bekamen, wie tats\u00e4chliche Eins\u00e4tze aussehen w\u00fcrden.<\/p><p>\u00a0<\/p><p><iframe title=\"EU HNS project - Intro\" width=\"800\" height=\"450\" src=\"https:\/\/www.youtube.com\/embed\/SrnjdL9Tif4?feature=oembed\" frameborder=\"0\" allow=\"accelerometer; autoplay; clipboard-write; encrypted-media; gyroscope; picture-in-picture; web-share\" allowfullscreen><\/iframe><\/p><p>\u00a0<\/p><p><iframe title=\"EU HNS TTX MD - Review from Day 1\" width=\"800\" height=\"450\" src=\"https:\/\/www.youtube.com\/embed\/U0ZYr4EeFxA?feature=oembed\" frameborder=\"0\" allow=\"accelerometer; autoplay; clipboard-write; encrypted-media; gyroscope; picture-in-picture; web-share\" allowfullscreen><\/iframe><\/p><p>\u00a0<\/p>\t\t\t\t\t\t<\/div>\n\t\t\t\t<\/div>\n\t\t\t\t<div class=\"elementor-element elementor-element-22c792b elementor-widget elementor-widget-button\" data-id=\"22c792b\" data-element_type=\"widget\" data-widget_type=\"button.default\">\n\t\t\t\t<div class=\"elementor-widget-container\">\n\t\t\t\t\t<div class=\"elementor-button-wrapper\">\n\t\t\t<a class=\"elementor-button elementor-button-link elementor-size-sm\" href=\"https:\/\/www.youtube.com\/@euhns9844\" target=\"_blank\" https=\"\">\n\t\t\t\t\t\t<span class=\"elementor-button-content-wrapper\">\n\t\t\t\t\t\t<span class=\"elementor-button-icon\">\n\t\t\t\t<i aria-hidden=\"true\" class=\"fas fa-long-arrow-alt-right\"><\/i>\t\t\t<\/span>\n\t\t\t\t\t\t\t\t\t<span class=\"elementor-button-text\">mehr<\/span>\n\t\t\t\t\t<\/span>\n\t\t\t\t\t<\/a>\n\t\t<\/div>\n\t\t\t\t<\/div>\n\t\t\t\t<\/div>\n\t\t\t\t\t<\/div>\n\t\t<\/div>\n\t\t\t\t\t<\/div>\n\t\t<\/section>\n\t\t\t\t<\/div>","protected":false},"excerpt":{"rendered":"<p>EU HNS The objective of the contract was to design, plan, conduct and evaluate two tabletop exercises (TTX) with host nation support (HNS) as the main topic for key actors involved in a UCPM response. The two HNS TTX needed to be conducted in different countries outside Europe with different emergency management structures. Host Nation [&hellip;]<\/p>","protected":false},"author":1,"featured_media":0,"parent":0,"menu_order":0,"comment_status":"closed","ping_status":"closed","template":"","meta":{"_ti_tpc_template_sync":false,"_ti_tpc_template_id":"","footnotes":""},"class_list":["post-900","page","type-page","status-publish","hentry"],"_links":{"self":[{"href":"https:\/\/www.publicomm.at\/de\/wp-json\/wp\/v2\/pages\/900","targetHints":{"allow":["GET"]}}],"collection":[{"href":"https:\/\/www.publicomm.at\/de\/wp-json\/wp\/v2\/pages"}],"about":[{"href":"https:\/\/www.publicomm.at\/de\/wp-json\/wp\/v2\/types\/page"}],"author":[{"embeddable":true,"href":"https:\/\/www.publicomm.at\/de\/wp-json\/wp\/v2\/users\/1"}],"replies":[{"embeddable":true,"href":"https:\/\/www.publicomm.at\/de\/wp-json\/wp\/v2\/comments?post=900"}],"version-history":[{"count":10,"href":"https:\/\/www.publicomm.at\/de\/wp-json\/wp\/v2\/pages\/900\/revisions"}],"predecessor-version":[{"id":1603,"href":"https:\/\/www.publicomm.at\/de\/wp-json\/wp\/v2\/pages\/900\/revisions\/1603"}],"wp:attachment":[{"href":"https:\/\/www.publicomm.at\/de\/wp-json\/wp\/v2\/media?parent=900"}],"curies":[{"name":"wp","href":"https:\/\/api.w.org\/{rel}","templated":true}]}}