{"id":325,"date":"2023-10-17T15:28:53","date_gmt":"2023-10-17T13:28:53","guid":{"rendered":"http:\/\/www.publicomm.at\/?page_id=325"},"modified":"2024-09-25T10:03:40","modified_gmt":"2024-09-25T08:03:40","slug":"project-management","status":"publish","type":"page","link":"https:\/\/www.publicomm.at\/de\/project-management\/","title":{"rendered":"Projektmanagement"},"content":{"rendered":"<div data-elementor-type=\"wp-page\" data-elementor-id=\"325\" class=\"elementor elementor-325\" data-elementor-post-type=\"page\">\n\t\t\t\t\t\t<section class=\"elementor-section elementor-top-section elementor-element elementor-element-f342d65 elementor-section-full_width headersection elementor-section-height-default elementor-section-height-default\" data-id=\"f342d65\" data-element_type=\"section\">\n\t\t\t\t\t\t<div class=\"elementor-container elementor-column-gap-default\">\n\t\t\t\t\t<div class=\"elementor-column elementor-col-100 elementor-top-column elementor-element elementor-element-f275c38 headerimage\" data-id=\"f275c38\" data-element_type=\"column\" data-settings=\"{&quot;background_background&quot;:&quot;classic&quot;}\">\n\t\t\t<div class=\"elementor-widget-wrap\">\n\t\t\t\t\t\t\t<\/div>\n\t\t<\/div>\n\t\t\t\t\t<\/div>\n\t\t<\/section>\n\t\t\t\t<section class=\"elementor-section elementor-top-section elementor-element elementor-element-309d104 elementor-section-boxed elementor-section-height-default elementor-section-height-default\" data-id=\"309d104\" data-element_type=\"section\">\n\t\t\t\t\t\t<div class=\"elementor-container elementor-column-gap-default\">\n\t\t\t\t\t<div class=\"elementor-column elementor-col-100 elementor-top-column elementor-element elementor-element-e5f7393\" data-id=\"e5f7393\" data-element_type=\"column\">\n\t\t\t<div class=\"elementor-widget-wrap elementor-element-populated\">\n\t\t\t\t\t\t<div class=\"elementor-element elementor-element-e233c85 elementor-widget elementor-widget-heading\" data-id=\"e233c85\" data-element_type=\"widget\" data-widget_type=\"heading.default\">\n\t\t\t\t<div class=\"elementor-widget-container\">\n\t\t\t<h1 class=\"elementor-heading-title elementor-size-default\">Projekte<\/h1>\t\t<\/div>\n\t\t\t\t<\/div>\n\t\t\t\t<div class=\"elementor-element elementor-element-bfa3f68 elementor-widget elementor-widget-text-editor\" data-id=\"bfa3f68\" data-element_type=\"widget\" data-widget_type=\"text-editor.default\">\n\t\t\t\t<div class=\"elementor-widget-container\">\n\t\t\t\t\t\t\t<p>publiComm ist in den Bereichen Projektentwicklung und -management sowie Ausbildung t\u00e4tig <span style=\"font-size: 1rem;\">und ist auf Beratung, Konzepte, Ausbildung, \u00dcbungen und <\/span><span style=\"font-size: 1rem;\">Training im Bereich des Katastrophenschutzes, des Katastrophenrisiko- und Notfallmanagements und der Humanit\u00e4ren Hilfe spezialisiert.\u00a0<\/span><span style=\"font-size: 1rem;\">Complimentary, pCC offers all forms of media management and services.<\/span><\/p><p><span style=\"font-size: 1rem;\">\u00a0<\/span><\/p><p>pCC works amongst others, in two main fields:<\/p><p>\u00a0 \u00a0\u2022 Medien und,<\/p><p>\u00a0 \u00a0\u2022 consulting (incl. project management)<\/p><p>\u00a0<\/p>\t\t\t\t\t\t<\/div>\n\t\t\t\t<\/div>\n\t\t\t\t\t<\/div>\n\t\t<\/div>\n\t\t\t\t\t<\/div>\n\t\t<\/section>\n\t\t\t\t<section class=\"elementor-section elementor-top-section elementor-element elementor-element-597c2af elementor-section-boxed elementor-section-height-default elementor-section-height-default\" data-id=\"597c2af\" data-element_type=\"section\">\n\t\t\t\t\t\t<div class=\"elementor-container elementor-column-gap-default\">\n\t\t\t\t\t<div class=\"elementor-column elementor-col-50 elementor-top-column elementor-element elementor-element-bc842e2\" data-id=\"bc842e2\" data-element_type=\"column\">\n\t\t\t<div class=\"elementor-widget-wrap\">\n\t\t\t\t\t\t\t<\/div>\n\t\t<\/div>\n\t\t\t\t<div class=\"elementor-column elementor-col-50 elementor-top-column elementor-element elementor-element-16028ce\" data-id=\"16028ce\" data-element_type=\"column\" data-settings=\"{&quot;background_background&quot;:&quot;classic&quot;}\">\n\t\t\t<div class=\"elementor-widget-wrap elementor-element-populated\">\n\t\t\t\t\t\t<div class=\"elementor-element elementor-element-95a8d69 elementor-widget elementor-widget-image\" data-id=\"95a8d69\" data-element_type=\"widget\" data-widget_type=\"image.default\">\n\t\t\t\t<div class=\"elementor-widget-container\">\n\t\t\t\t\t\t\t\t\t\t\t\t\t<img decoding=\"async\" width=\"150\" height=\"150\" src=\"https:\/\/www.publicomm.at\/wp-content\/uploads\/2024\/05\/Modex2023c-150x150.png\" class=\"attachment-thumbnail size-thumbnail wp-image-1682\" alt=\"\" srcset=\"https:\/\/www.publicomm.at\/wp-content\/uploads\/2024\/05\/Modex2023c-150x150.png 150w, https:\/\/www.publicomm.at\/wp-content\/uploads\/2024\/05\/Modex2023c-11x12.png 11w\" sizes=\"(max-width: 150px) 100vw, 150px\" \/>\t\t\t\t\t\t\t\t\t\t\t\t\t<\/div>\n\t\t\t\t<\/div>\n\t\t\t\t<div class=\"elementor-element elementor-element-d5c384a elementor-widget elementor-widget-text-editor\" data-id=\"d5c384a\" data-element_type=\"widget\" data-widget_type=\"text-editor.default\">\n\t\t\t\t<div class=\"elementor-widget-container\">\n\t\t\t\t\t\t\t<p><strong>Zeitraum:<\/strong> 2023 -2026<\/p><p><strong>Vereinbarung:<\/strong> Ausschreibung<\/p><p><strong>Referenznummer des Projekts:<\/strong>\u00a0<b style=\"background-color: var( --e-global-color-974c099 ); font-size: 1rem;\"><span lang=\"EN-GB\" style=\"font-size: 12.0pt; font-family: 'Calibri',sans-serif; mso-fareast-font-family: 'Times New Roman'; color: #4472c4; mso-themecolor: accent5; mso-ansi-language: EN-GB; mso-fareast-language: DE; mso-bidi-language: AR-SA;\">ECHO\/SER\/2023\/905602<\/span><\/b><\/p><p><strong>Thema:<\/strong> <span style=\"background-color: var( --e-global-color-974c099 );\">Konzeption, Planung, Durchf\u00fchrung und Selbstevaluierung von Feld\u00fcbungen f\u00fcr EUCPT\u00a0<\/span><span style=\"color: var( --e-global-color-secondary ); background-color: var( --e-global-color-974c099 ); font-size: 1rem;\">und TAST im Zyklus 12.\u00a0<strong>von EU MODEX Lot4.<\/strong>.<\/span><\/p>\t\t\t\t\t\t<\/div>\n\t\t\t\t<\/div>\n\t\t\t\t<div class=\"elementor-element elementor-element-88e9a19 elementor-widget elementor-widget-button\" data-id=\"88e9a19\" data-element_type=\"widget\" data-widget_type=\"button.default\">\n\t\t\t\t<div class=\"elementor-widget-container\">\n\t\t\t\t\t<div class=\"elementor-button-wrapper\">\n\t\t\t<a class=\"elementor-button elementor-button-link elementor-size-sm\" href=\"https:\/\/www.publicomm.at\/de\/eu-modex-eucpt-tast\/\">\n\t\t\t\t\t\t<span class=\"elementor-button-content-wrapper\">\n\t\t\t\t\t\t<span class=\"elementor-button-icon\">\n\t\t\t\t<i aria-hidden=\"true\" class=\"fas fa-long-arrow-alt-right\"><\/i>\t\t\t<\/span>\n\t\t\t\t\t\t\t\t\t<span class=\"elementor-button-text\">Mehr erfahren<\/span>\n\t\t\t\t\t<\/span>\n\t\t\t\t\t<\/a>\n\t\t<\/div>\n\t\t\t\t<\/div>\n\t\t\t\t<\/div>\n\t\t\t\t\t<\/div>\n\t\t<\/div>\n\t\t\t\t\t<\/div>\n\t\t<\/section>\n\t\t\t\t<section class=\"elementor-section elementor-top-section elementor-element elementor-element-3471166 elementor-section-boxed elementor-section-height-default elementor-section-height-default\" data-id=\"3471166\" data-element_type=\"section\">\n\t\t\t\t\t\t<div class=\"elementor-container elementor-column-gap-no\">\n\t\t\t\t\t<div class=\"elementor-column elementor-col-50 elementor-top-column elementor-element elementor-element-a0ac90e\" data-id=\"a0ac90e\" data-element_type=\"column\" data-settings=\"{&quot;background_background&quot;:&quot;classic&quot;}\">\n\t\t\t<div class=\"elementor-widget-wrap elementor-element-populated\">\n\t\t\t\t\t\t<div class=\"elementor-element elementor-element-55219d8 elementor-widget elementor-widget-image\" data-id=\"55219d8\" data-element_type=\"widget\" data-widget_type=\"image.default\">\n\t\t\t\t<div class=\"elementor-widget-container\">\n\t\t\t\t\t\t\t\t\t\t\t\t\t<img decoding=\"async\" src=\"https:\/\/www.publicomm.at\/wp-content\/uploads\/2023\/10\/hns_logo.png\" title=\"hns_logo\" alt=\"hns_logo\" loading=\"lazy\" \/>\t\t\t\t\t\t\t\t\t\t\t\t\t<\/div>\n\t\t\t\t<\/div>\n\t\t\t\t<div class=\"elementor-element elementor-element-c8583e7 elementor-widget elementor-widget-text-editor\" data-id=\"c8583e7\" data-element_type=\"widget\" data-widget_type=\"text-editor.default\">\n\t\t\t\t<div class=\"elementor-widget-container\">\n\t\t\t\t\t\t\t<p><strong>Zeitraum:<\/strong> 2022 -2023<\/p><p><strong>Vereinbarung:<\/strong> Ausschreibung<\/p><p><strong>Referenznummer des Projekts:<\/strong> ECHO\/SER\/2022\/866241<\/p><p><strong>Thema:<\/strong> Konzeption, Planung, Durchf\u00fchrung und Auswertung von zwei Plan\u00fcbungen (TTX) mit <strong>Host Nation Support<\/strong> &#8211; <strong>EU HNS<\/strong> dem Hauptthema \"Host Nation Support - EU HNS\" f\u00fcr die Hauptakteure, die an einer UCPM-Antwort beteiligt sind.<\/p>\t\t\t\t\t\t<\/div>\n\t\t\t\t<\/div>\n\t\t\t\t<div class=\"elementor-element elementor-element-c3654fc elementor-widget elementor-widget-button\" data-id=\"c3654fc\" data-element_type=\"widget\" data-widget_type=\"button.default\">\n\t\t\t\t<div class=\"elementor-widget-container\">\n\t\t\t\t\t<div class=\"elementor-button-wrapper\">\n\t\t\t<a class=\"elementor-button elementor-button-link elementor-size-sm\" href=\"https:\/\/www.publicomm.at\/de\/host-nation-support\/\">\n\t\t\t\t\t\t<span class=\"elementor-button-content-wrapper\">\n\t\t\t\t\t\t<span class=\"elementor-button-icon\">\n\t\t\t\t<i aria-hidden=\"true\" class=\"fas fa-long-arrow-alt-right\"><\/i>\t\t\t<\/span>\n\t\t\t\t\t\t\t\t\t<span class=\"elementor-button-text\">Mehr erfahren<\/span>\n\t\t\t\t\t<\/span>\n\t\t\t\t\t<\/a>\n\t\t<\/div>\n\t\t\t\t<\/div>\n\t\t\t\t<\/div>\n\t\t\t\t\t<\/div>\n\t\t<\/div>\n\t\t\t\t<div class=\"elementor-column elementor-col-50 elementor-top-column elementor-element elementor-element-55712f9\" data-id=\"55712f9\" data-element_type=\"column\" data-settings=\"{&quot;background_background&quot;:&quot;classic&quot;}\">\n\t\t\t<div class=\"elementor-widget-wrap elementor-element-populated\">\n\t\t\t\t\t\t<div class=\"elementor-element elementor-element-09feeb2 elementor-widget elementor-widget-image\" data-id=\"09feeb2\" data-element_type=\"widget\" data-widget_type=\"image.default\">\n\t\t\t\t<div class=\"elementor-widget-container\">\n\t\t\t\t\t\t\t\t\t\t\t\t\t<img decoding=\"async\" src=\"https:\/\/www.publicomm.at\/wp-content\/uploads\/2023\/10\/indima_logo.png\" title=\"indima_logo\" alt=\"indima_logo\" loading=\"lazy\" \/>\t\t\t\t\t\t\t\t\t\t\t\t\t<\/div>\n\t\t\t\t<\/div>\n\t\t\t\t<div class=\"elementor-element elementor-element-44287e3 elementor-widget elementor-widget-text-editor\" data-id=\"44287e3\" data-element_type=\"widget\" data-widget_type=\"text-editor.default\">\n\t\t\t\t<div class=\"elementor-widget-container\">\n\t\t\t\t\t\t\t<p><strong>Zeitraum:<\/strong> 2020 -2021<\/p><p><strong>Vereinbarung:<\/strong> F\u00f6rderung<\/p><p><strong>Referenznummer des Projekts: <\/strong>ECHO\/B\/03 101017, UCPM-2020-KN-AG<\/p><p><strong>Thema:<\/strong> EUCP Knowledge Network Projekt INDIMA, Integriertes Katastrophenmanagement.<\/p>\t\t\t\t\t\t<\/div>\n\t\t\t\t<\/div>\n\t\t\t\t<div class=\"elementor-element elementor-element-18766b3 elementor-widget elementor-widget-button\" data-id=\"18766b3\" data-element_type=\"widget\" data-widget_type=\"button.default\">\n\t\t\t\t<div class=\"elementor-widget-container\">\n\t\t\t\t\t<div class=\"elementor-button-wrapper\">\n\t\t\t<a class=\"elementor-button elementor-button-link elementor-size-sm\" href=\"https:\/\/www.publicomm.at\/de\/indima\/\">\n\t\t\t\t\t\t<span class=\"elementor-button-content-wrapper\">\n\t\t\t\t\t\t<span class=\"elementor-button-icon\">\n\t\t\t\t<i aria-hidden=\"true\" class=\"fas fa-long-arrow-alt-right\"><\/i>\t\t\t<\/span>\n\t\t\t\t\t\t\t\t\t<span class=\"elementor-button-text\">Mehr erfahren<\/span>\n\t\t\t\t\t<\/span>\n\t\t\t\t\t<\/a>\n\t\t<\/div>\n\t\t\t\t<\/div>\n\t\t\t\t<\/div>\n\t\t\t\t\t<\/div>\n\t\t<\/div>\n\t\t\t\t\t<\/div>\n\t\t<\/section>\n\t\t\t\t<section class=\"elementor-section elementor-top-section elementor-element elementor-element-6ad140c elementor-section-boxed elementor-section-height-default elementor-section-height-default\" data-id=\"6ad140c\" data-element_type=\"section\">\n\t\t\t\t\t\t<div class=\"elementor-container elementor-column-gap-no\">\n\t\t\t\t\t<div class=\"elementor-column elementor-col-50 elementor-top-column elementor-element elementor-element-f230afa\" data-id=\"f230afa\" data-element_type=\"column\" data-settings=\"{&quot;background_background&quot;:&quot;classic&quot;}\">\n\t\t\t<div class=\"elementor-widget-wrap elementor-element-populated\">\n\t\t\t\t\t\t<div class=\"elementor-element elementor-element-8bbb782 elementor-widget elementor-widget-heading\" data-id=\"8bbb782\" data-element_type=\"widget\" data-widget_type=\"heading.default\">\n\t\t\t\t<div class=\"elementor-widget-container\">\n\t\t\t<h2 class=\"elementor-heading-title elementor-size-default\">Lot 3 IDMEX<\/h2>\t\t<\/div>\n\t\t\t\t<\/div>\n\t\t\t\t<div class=\"elementor-element elementor-element-cfde9d6 elementor-widget elementor-widget-text-editor\" data-id=\"cfde9d6\" data-element_type=\"widget\" data-widget_type=\"text-editor.default\">\n\t\t\t\t<div class=\"elementor-widget-container\">\n\t\t\t\t\t\t\t<p><strong>Zeitraum:<\/strong> 2018 -2019<\/p><p><strong>Vereinbarung:<\/strong> Ausschreibung<\/p><p><strong>Referenznummer des Projekts:<\/strong> ECHO\/A2\/SER\/2018\/16<\/p><p><strong>Thema:<\/strong> Lot 3 IDMEX, Entwurf, Planung, Durchf\u00fchrung und Selbstevaluierung von HNS TTX<\/p>\t\t\t\t\t\t<\/div>\n\t\t\t\t<\/div>\n\t\t\t\t<div class=\"elementor-element elementor-element-fb7d7e4 elementor-widget elementor-widget-button\" data-id=\"fb7d7e4\" data-element_type=\"widget\" data-widget_type=\"button.default\">\n\t\t\t\t<div class=\"elementor-widget-container\">\n\t\t\t\t\t<div class=\"elementor-button-wrapper\">\n\t\t\t<a class=\"elementor-button elementor-button-link elementor-size-sm\" href=\"https:\/\/www.publicomm.at\/de\/lot-3-idmex-hns-ttx\/\">\n\t\t\t\t\t\t<span class=\"elementor-button-content-wrapper\">\n\t\t\t\t\t\t<span class=\"elementor-button-icon\">\n\t\t\t\t<i aria-hidden=\"true\" class=\"fas fa-long-arrow-alt-right\"><\/i>\t\t\t<\/span>\n\t\t\t\t\t\t\t\t\t<span class=\"elementor-button-text\">Mehr erfahren<\/span>\n\t\t\t\t\t<\/span>\n\t\t\t\t\t<\/a>\n\t\t<\/div>\n\t\t\t\t<\/div>\n\t\t\t\t<\/div>\n\t\t\t\t\t<\/div>\n\t\t<\/div>\n\t\t\t\t<div class=\"elementor-column elementor-col-50 elementor-top-column elementor-element elementor-element-d5eeeb2\" data-id=\"d5eeeb2\" data-element_type=\"column\" data-settings=\"{&quot;background_background&quot;:&quot;classic&quot;}\">\n\t\t\t<div class=\"elementor-widget-wrap elementor-element-populated\">\n\t\t\t\t\t\t<div class=\"elementor-element elementor-element-72e6e4d elementor-widget elementor-widget-heading\" data-id=\"72e6e4d\" data-element_type=\"widget\" data-widget_type=\"heading.default\">\n\t\t\t\t<div class=\"elementor-widget-container\">\n\t\t\t<h2 class=\"elementor-heading-title elementor-size-default\">Lot 2 - Plug-in Exercises<\/h2>\t\t<\/div>\n\t\t\t\t<\/div>\n\t\t\t\t<div class=\"elementor-element elementor-element-773ce9a elementor-widget elementor-widget-text-editor\" data-id=\"773ce9a\" data-element_type=\"widget\" data-widget_type=\"text-editor.default\">\n\t\t\t\t<div class=\"elementor-widget-container\">\n\t\t\t\t\t\t\t<p><strong>Zeitraum:<\/strong> 2018 -2019<\/p><p><strong>Vereinbarung:<\/strong> Ausschreibung<\/p><p><strong>Referenznummer des Projekts:<\/strong> ECHO\/A2\/SER\/2018\/16<\/p><p><strong>Thema:<\/strong> <strong>Lot 2<\/strong>Konzeption, Planung, Durchf\u00fchrung und Selbstevaluierung von Plug-in-\u00dcbungen.<strong> Plug-in Exercises<\/strong><\/p>\t\t\t\t\t\t<\/div>\n\t\t\t\t<\/div>\n\t\t\t\t<div class=\"elementor-element elementor-element-379995b elementor-widget elementor-widget-button\" data-id=\"379995b\" data-element_type=\"widget\" data-widget_type=\"button.default\">\n\t\t\t\t<div class=\"elementor-widget-container\">\n\t\t\t\t\t<div class=\"elementor-button-wrapper\">\n\t\t\t<a class=\"elementor-button elementor-button-link elementor-size-sm\" href=\"https:\/\/www.publicomm.at\/de\/lot-2-plug-in-exercises\/\">\n\t\t\t\t\t\t<span class=\"elementor-button-content-wrapper\">\n\t\t\t\t\t\t<span class=\"elementor-button-icon\">\n\t\t\t\t<i aria-hidden=\"true\" class=\"fas fa-long-arrow-alt-right\"><\/i>\t\t\t<\/span>\n\t\t\t\t\t\t\t\t\t<span class=\"elementor-button-text\">Mehr erfahren<\/span>\n\t\t\t\t\t<\/span>\n\t\t\t\t\t<\/a>\n\t\t<\/div>\n\t\t\t\t<\/div>\n\t\t\t\t<\/div>\n\t\t\t\t\t<\/div>\n\t\t<\/div>\n\t\t\t\t\t<\/div>\n\t\t<\/section>\n\t\t\t\t<\/div>","protected":false},"excerpt":{"rendered":"<p>Projects publiComm is engaged in project development and -management, as well as training, specialising in providing advise, concepts, project management, and various forms of information, education, exercises, and training in the field of Civil Protection, disaster risk, and emergency management and Humanitarian Aid.\u00a0Complimentary, pCC offers all forms of media management and services. \u00a0 pCC works [&hellip;]<\/p>","protected":false},"author":1,"featured_media":0,"parent":0,"menu_order":0,"comment_status":"closed","ping_status":"closed","template":"","meta":{"_ti_tpc_template_sync":false,"_ti_tpc_template_id":"","footnotes":""},"class_list":["post-325","page","type-page","status-publish","hentry"],"_links":{"self":[{"href":"https:\/\/www.publicomm.at\/de\/wp-json\/wp\/v2\/pages\/325","targetHints":{"allow":["GET"]}}],"collection":[{"href":"https:\/\/www.publicomm.at\/de\/wp-json\/wp\/v2\/pages"}],"about":[{"href":"https:\/\/www.publicomm.at\/de\/wp-json\/wp\/v2\/types\/page"}],"author":[{"embeddable":true,"href":"https:\/\/www.publicomm.at\/de\/wp-json\/wp\/v2\/users\/1"}],"replies":[{"embeddable":true,"href":"https:\/\/www.publicomm.at\/de\/wp-json\/wp\/v2\/comments?post=325"}],"version-history":[{"count":91,"href":"https:\/\/www.publicomm.at\/de\/wp-json\/wp\/v2\/pages\/325\/revisions"}],"predecessor-version":[{"id":1851,"href":"https:\/\/www.publicomm.at\/de\/wp-json\/wp\/v2\/pages\/325\/revisions\/1851"}],"wp:attachment":[{"href":"https:\/\/www.publicomm.at\/de\/wp-json\/wp\/v2\/media?parent=325"}],"curies":[{"name":"wp","href":"https:\/\/api.w.org\/{rel}","templated":true}]}}