{"id":323,"date":"2023-10-17T15:28:40","date_gmt":"2023-10-17T13:28:40","guid":{"rendered":"http:\/\/www.publicomm.at\/?page_id=323"},"modified":"2024-09-25T10:00:38","modified_gmt":"2024-09-25T08:00:38","slug":"consultancy","status":"publish","type":"page","link":"https:\/\/www.publicomm.at\/de\/consultancy\/","title":{"rendered":"Beratung"},"content":{"rendered":"<div data-elementor-type=\"wp-page\" data-elementor-id=\"323\" class=\"elementor elementor-323\" data-elementor-post-type=\"page\">\n\t\t\t\t\t\t<section class=\"elementor-section elementor-top-section elementor-element elementor-element-9f1ef22 elementor-section-full_width headersection elementor-section-height-default elementor-section-height-default\" data-id=\"9f1ef22\" data-element_type=\"section\">\n\t\t\t\t\t\t<div class=\"elementor-container elementor-column-gap-default\">\n\t\t\t\t\t<div class=\"elementor-column elementor-col-100 elementor-top-column elementor-element elementor-element-cf146ca headerimage\" data-id=\"cf146ca\" data-element_type=\"column\" data-settings=\"{&quot;background_background&quot;:&quot;classic&quot;}\">\n\t\t\t<div class=\"elementor-widget-wrap\">\n\t\t\t\t\t\t\t<\/div>\n\t\t<\/div>\n\t\t\t\t\t<\/div>\n\t\t<\/section>\n\t\t\t\t<section class=\"elementor-section elementor-top-section elementor-element elementor-element-8c25ac7 elementor-section-boxed elementor-section-height-default elementor-section-height-default\" data-id=\"8c25ac7\" data-element_type=\"section\">\n\t\t\t\t\t\t<div class=\"elementor-container elementor-column-gap-default\">\n\t\t\t\t\t<div class=\"elementor-column elementor-col-100 elementor-top-column elementor-element elementor-element-1c7d011\" data-id=\"1c7d011\" data-element_type=\"column\">\n\t\t\t<div class=\"elementor-widget-wrap elementor-element-populated\">\n\t\t\t\t\t\t<div class=\"elementor-element elementor-element-6f6a55f elementor-widget elementor-widget-heading\" data-id=\"6f6a55f\" data-element_type=\"widget\" data-widget_type=\"heading.default\">\n\t\t\t\t<div class=\"elementor-widget-container\">\n\t\t\t<h1 class=\"elementor-heading-title elementor-size-default\">Beratung<\/h1>\t\t<\/div>\n\t\t\t\t<\/div>\n\t\t\t\t\t<\/div>\n\t\t<\/div>\n\t\t\t\t\t<\/div>\n\t\t<\/section>\n\t\t\t\t<section class=\"elementor-section elementor-top-section elementor-element elementor-element-840b8f7 elementor-section-full_width elementor-reverse-mobile elementor-section-height-default elementor-section-height-default\" data-id=\"840b8f7\" data-element_type=\"section\">\n\t\t\t\t\t\t<div class=\"elementor-container elementor-column-gap-no\">\n\t\t\t\t\t<div class=\"elementor-column elementor-col-50 elementor-top-column elementor-element elementor-element-abc8f58 minheight\" data-id=\"abc8f58\" data-element_type=\"column\" data-settings=\"{&quot;background_background&quot;:&quot;classic&quot;}\">\n\t\t\t<div class=\"elementor-widget-wrap\">\n\t\t\t\t\t\t\t<\/div>\n\t\t<\/div>\n\t\t\t\t<div class=\"elementor-column elementor-col-50 elementor-top-column elementor-element elementor-element-7b1390a\" data-id=\"7b1390a\" data-element_type=\"column\" data-settings=\"{&quot;background_background&quot;:&quot;classic&quot;}\">\n\t\t\t<div class=\"elementor-widget-wrap elementor-element-populated\">\n\t\t\t\t\t\t<div class=\"elementor-element elementor-element-5e8877e elementor-widget elementor-widget-text-editor\" data-id=\"5e8877e\" data-element_type=\"widget\" data-widget_type=\"text-editor.default\">\n\t\t\t\t<div class=\"elementor-widget-container\">\n\t\t\t\t\t\t\t<p>pCC hat ein Expertenteam, das sowohl innerhalb der UCPM als auch im Roten Kreuz\/Roten Halbmond, in der Welt der NRO, im UN-System und im Bereich der humanit\u00e4ren Hilfe t\u00e4tig ist. Einige der Experten arbeiten in der professionellen Notfallplanung, andere sind von der UN CMCoord ausgebildet.\u00a0<\/p><p>Unsere Experten verf\u00fcgen \u00fcber langj\u00e4hrige Erfahrung\u00a0<span style=\"font-family: var( --e-global-typography-text-font-family ), Sans-serif; font-size: var( --e-global-typography-text-font-size ); font-weight: var( --e-global-typography-text-font-weight ); background-color: var( --e-global-color-974c099 );\">in den Bereichen Projektplanung und -management,\u00a0<\/span><span style=\"font-family: var( --e-global-typography-text-font-family ), Sans-serif; font-size: var( --e-global-typography-text-font-size ); font-weight: var( --e-global-typography-text-font-weight ); background-color: var( --e-global-color-974c099 );\">Schulung von Einsatzteams, Vorbereitung und Durchf\u00fchrung von Schulungen und \u00dcbungen aller Art, von kleinen Plan\u00fcbungen bis zu multinationalen Feld\u00fcbungen mit mehreren hundert Teilnehmern in einem multikulturellen oder komplexen Umfeld.<\/span><\/p>\t\t\t\t\t\t<\/div>\n\t\t\t\t<\/div>\n\t\t\t\t\t<\/div>\n\t\t<\/div>\n\t\t\t\t\t<\/div>\n\t\t<\/section>\n\t\t\t\t<section class=\"elementor-section elementor-top-section elementor-element elementor-element-6106c80 elementor-section-full_width elementor-reverse-mobile elementor-section-height-default elementor-section-height-default\" data-id=\"6106c80\" data-element_type=\"section\">\n\t\t\t\t\t\t<div class=\"elementor-container elementor-column-gap-no\">\n\t\t\t\t\t<div class=\"elementor-column elementor-col-50 elementor-top-column elementor-element elementor-element-4e3d2d7 minheight\" data-id=\"4e3d2d7\" data-element_type=\"column\" data-settings=\"{&quot;background_background&quot;:&quot;classic&quot;}\">\n\t\t\t<div class=\"elementor-widget-wrap\">\n\t\t\t\t\t\t\t<\/div>\n\t\t<\/div>\n\t\t\t\t<div class=\"elementor-column elementor-col-50 elementor-top-column elementor-element elementor-element-33533e3\" data-id=\"33533e3\" data-element_type=\"column\" data-settings=\"{&quot;background_background&quot;:&quot;classic&quot;}\">\n\t\t\t<div class=\"elementor-widget-wrap elementor-element-populated\">\n\t\t\t\t\t\t<div class=\"elementor-element elementor-element-e00bd73 elementor-widget elementor-widget-text-editor\" data-id=\"e00bd73\" data-element_type=\"widget\" data-widget_type=\"text-editor.default\">\n\t\t\t\t<div class=\"elementor-widget-container\">\n\t\t\t\t\t\t\t<p>\u00a0<\/p><p>Die Experten kommen aus einem breiten Spektrum von Fachgbeieten wie Katastrophenschutz, Notfallmanagement, humanit\u00e4re Hilfe, Hilfskoordinierung, Ausbildung und Wiederaufbauprojekte, z.B. Analysten, Lehrbauftragten, Trainer, Not\u00e4rzte und Krankenschwestern, Projektmanager, Ausbilder und Medienexperten der UCPT, der Vereinten Nationen und zus\u00e4tzlich mit umfangreicher Einsatzerfahrung auf Managementebene bei NGO und anderen gemeinn\u00fctzigen Organisationen.<\/p><p>\u00a0<\/p>\t\t\t\t\t\t<\/div>\n\t\t\t\t<\/div>\n\t\t\t\t\t<\/div>\n\t\t<\/div>\n\t\t\t\t\t<\/div>\n\t\t<\/section>\n\t\t\t\t<section class=\"elementor-section elementor-top-section elementor-element elementor-element-ccde1aa elementor-section-full_width elementor-reverse-mobile elementor-section-height-default elementor-section-height-default\" data-id=\"ccde1aa\" data-element_type=\"section\">\n\t\t\t\t\t\t<div class=\"elementor-container elementor-column-gap-no\">\n\t\t\t\t\t<div class=\"elementor-column elementor-col-50 elementor-top-column elementor-element elementor-element-3f3feda minheight\" data-id=\"3f3feda\" data-element_type=\"column\" data-settings=\"{&quot;background_background&quot;:&quot;classic&quot;}\">\n\t\t\t<div class=\"elementor-widget-wrap\">\n\t\t\t\t\t\t\t<\/div>\n\t\t<\/div>\n\t\t\t\t<div class=\"elementor-column elementor-col-50 elementor-top-column elementor-element elementor-element-4cb65d7\" data-id=\"4cb65d7\" data-element_type=\"column\" data-settings=\"{&quot;background_background&quot;:&quot;classic&quot;}\">\n\t\t\t<div class=\"elementor-widget-wrap elementor-element-populated\">\n\t\t\t\t\t\t<div class=\"elementor-element elementor-element-69787c3 elementor-widget elementor-widget-text-editor\" data-id=\"69787c3\" data-element_type=\"widget\" data-widget_type=\"text-editor.default\">\n\t\t\t\t<div class=\"elementor-widget-container\">\n\t\t\t\t\t\t\t<p>Wir legen gro\u00dfen Wert auf moderne Management- und Schulungsmethoden, die in allen von uns angebotenen Dienstleistungen eingesetzt werden.<\/p><p>Diese reichen vom klassischen Pr\u00e4senztraining \u00fcber praktische Schulungen und \u00dcbungen bis hin zum E-Learning und einer Kombination aus beidem, dem Blended Learning.\u00a0<\/p><p>Neue Dienstleistungen oder Prozesse m\u00fcssen erfolgreich eingef\u00fchrt werden; Einf\u00fchrungs- oder Praxistrainings sind dabei eine wichtige Unterst\u00fctzung.\u00a0<\/p><p>Dies kann durch eine kurze Einweisung oder Vororteinweisung geschehen oder durch E-Learning und Online-Kurse, oder eine sehr realit\u00e4tsnahe Schulung, die Antreibung durch externe oder auf dem Betriebsgel\u00e4nde ben\u00f6tigt.<\/p>\t\t\t\t\t\t<\/div>\n\t\t\t\t<\/div>\n\t\t\t\t\t<\/div>\n\t\t<\/div>\n\t\t\t\t\t<\/div>\n\t\t<\/section>\n\t\t\t\t<section class=\"elementor-section elementor-top-section elementor-element elementor-element-4fcebb3 elementor-section-boxed elementor-section-height-default elementor-section-height-default\" data-id=\"4fcebb3\" data-element_type=\"section\">\n\t\t\t\t\t\t<div class=\"elementor-container elementor-column-gap-default\">\n\t\t\t\t\t<div class=\"elementor-column elementor-col-100 elementor-top-column elementor-element elementor-element-a703248\" data-id=\"a703248\" data-element_type=\"column\">\n\t\t\t<div class=\"elementor-widget-wrap elementor-element-populated\">\n\t\t\t\t\t\t<div class=\"elementor-element elementor-element-67a11b1 elementor-widget elementor-widget-heading\" data-id=\"67a11b1\" data-element_type=\"widget\" data-widget_type=\"heading.default\">\n\t\t\t\t<div class=\"elementor-widget-container\">\n\t\t\t<h1 class=\"elementor-heading-title elementor-size-default\">Projektmanagement<\/h1>\t\t<\/div>\n\t\t\t\t<\/div>\n\t\t\t\t\t<\/div>\n\t\t<\/div>\n\t\t\t\t\t<\/div>\n\t\t<\/section>\n\t\t\t\t<section class=\"elementor-section elementor-top-section elementor-element elementor-element-6c3e4c8 elementor-section-full_width elementor-reverse-mobile elementor-section-height-default elementor-section-height-default\" data-id=\"6c3e4c8\" data-element_type=\"section\">\n\t\t\t\t\t\t<div class=\"elementor-container elementor-column-gap-no\">\n\t\t\t\t\t<div class=\"elementor-column elementor-col-50 elementor-top-column elementor-element elementor-element-522f16e minheight\" data-id=\"522f16e\" data-element_type=\"column\" data-settings=\"{&quot;background_background&quot;:&quot;classic&quot;}\">\n\t\t\t<div class=\"elementor-widget-wrap\">\n\t\t\t\t\t\t\t<\/div>\n\t\t<\/div>\n\t\t\t\t<div class=\"elementor-column elementor-col-50 elementor-top-column elementor-element elementor-element-10f5325\" data-id=\"10f5325\" data-element_type=\"column\" data-settings=\"{&quot;background_background&quot;:&quot;classic&quot;}\">\n\t\t\t<div class=\"elementor-widget-wrap elementor-element-populated\">\n\t\t\t\t\t\t<div class=\"elementor-element elementor-element-bb95b7f elementor-widget elementor-widget-text-editor\" data-id=\"bb95b7f\" data-element_type=\"widget\" data-widget_type=\"text-editor.default\">\n\t\t\t\t<div class=\"elementor-widget-container\">\n\t\t\t\t\t\t\t<p>\u00a0<\/p><p><span style=\"font-family: var( --e-global-typography-text-font-family ), Sans-serif; font-size: var( --e-global-typography-text-font-size ); font-weight: var( --e-global-typography-text-font-weight ); background-color: var( --e-global-color-974c099 );\">\u00a0<\/span><\/p><p><span style=\"background-color: var( --e-global-color-974c099 ); font-family: var( --e-global-typography-text-font-family ), Sans-serif; font-size: var( --e-global-typography-text-font-size ); font-weight: var( --e-global-typography-text-font-weight );\">pCC unterst\u00fctzt die Fachleute des Katastrophenschutzes, indem es zur Projektentwicklung und -struktur beitr\u00e4gt, das Projektmanagement, die Medienberichterstattung und die Unterst\u00fctzungslogistik unterst\u00fctzt.\u00a0<\/span><\/p><p><span style=\"font-family: var( --e-global-typography-text-font-family ), Sans-serif; font-size: var( --e-global-typography-text-font-size ); font-weight: var( --e-global-typography-text-font-weight ); background-color: var( --e-global-color-974c099 );\">pCC bietet Beratung, Unterst\u00fctzung und Beitr\u00e4ge zu Forschung, Workshops, Schulungen und \u00dcbungen an.\u00a0<\/span><\/p><p><span style=\"font-family: var( --e-global-typography-text-font-family ), Sans-serif; font-size: var( --e-global-typography-text-font-size ); font-weight: var( --e-global-typography-text-font-weight ); background-color: var( --e-global-color-974c099 );\">publiComm hat in den letzten Jahren selbst an mehreren EU-finanzierten Projekten teilgenommen und war Konsortialpartner. In j\u00fcngster Zeit ist publiComm Teil und Unterst\u00fctzer von Projekten im Bereich des Katastrophenschutzes und hat bei DG ECHO (Generaldirektion Europ\u00e4ischer Katastrophenschutz und humanit\u00e4re Hilfe der Europ\u00e4ischen Kommission) Antr\u00e4ge eingereicht.<\/span><\/p><p>\u00a0<\/p>\t\t\t\t\t\t<\/div>\n\t\t\t\t<\/div>\n\t\t\t\t\t<\/div>\n\t\t<\/div>\n\t\t\t\t\t<\/div>\n\t\t<\/section>\n\t\t\t\t<section class=\"elementor-section elementor-top-section elementor-element elementor-element-8450fa9 elementor-section-full_width elementor-reverse-mobile elementor-section-height-default elementor-section-height-default\" data-id=\"8450fa9\" data-element_type=\"section\">\n\t\t\t\t\t\t<div class=\"elementor-container elementor-column-gap-no\">\n\t\t\t\t\t<div class=\"elementor-column elementor-col-50 elementor-top-column elementor-element elementor-element-75bb930 minheight\" data-id=\"75bb930\" data-element_type=\"column\" data-settings=\"{&quot;background_background&quot;:&quot;classic&quot;}\">\n\t\t\t<div class=\"elementor-widget-wrap\">\n\t\t\t\t\t\t\t<\/div>\n\t\t<\/div>\n\t\t\t\t<div class=\"elementor-column elementor-col-50 elementor-top-column elementor-element elementor-element-7b2b851\" data-id=\"7b2b851\" data-element_type=\"column\" data-settings=\"{&quot;background_background&quot;:&quot;classic&quot;}\">\n\t\t\t<div class=\"elementor-widget-wrap elementor-element-populated\">\n\t\t\t\t\t\t<div class=\"elementor-element elementor-element-cc52198 elementor-widget elementor-widget-text-editor\" data-id=\"cc52198\" data-element_type=\"widget\" data-widget_type=\"text-editor.default\">\n\t\t\t\t<div class=\"elementor-widget-container\">\n\t\t\t\t\t\t\t<p><\/p>\n<p>pCC war Mitglied des IDMEX-Konsortiums und f\u00fchrte 2018 zwei Ausschreibungen f\u00fcr die Lot 2 (Plug in Exercises) und 3 (HNS TTX) der DG ECHO durch.<\/p>\n<p>Josef Riener, der f\u00fcr internationale Projekte zust\u00e4ndige bei PCC, war Projektleiter der FSX (Full-Scale Exercise) des Projekts IRONORE2019 des \u00d6sterreichischen Roten Kreuzes.<\/p>\n<p>In den Jahren 2020 und 2021 war PCC Partner im EUCP Knowledge Network Projekt INDIMA, das ein Netzwerkkonzept zur besseren Integration aller relevanten Stakeholder im Notfall- und Katastrophenmanagement entwickelte.<\/p>\n<p>2022 and 2023 pCC has been a member of the consortium and a subcontractor of the project EU HNS TTX.<\/p>\n<p><\/p>\t\t\t\t\t\t<\/div>\n\t\t\t\t<\/div>\n\t\t\t\t\t<\/div>\n\t\t<\/div>\n\t\t\t\t\t<\/div>\n\t\t<\/section>\n\t\t\t\t<\/div>","protected":false},"excerpt":{"rendered":"<p>Consultancy pCC maintains a specialist team of experts, working within the UCPM as well as in the Red Cross\/Red Crescent, the NGO world, the UN system, and the Humanitarian Aid sector. Some of the experts work in professional business contingency, others are UN CMCoord trained.\u00a0 Our expert have longstanding experience in\u00a0project design and management,\u00a0training intervention [&hellip;]<\/p>","protected":false},"author":1,"featured_media":0,"parent":0,"menu_order":0,"comment_status":"closed","ping_status":"closed","template":"","meta":{"_ti_tpc_template_sync":false,"_ti_tpc_template_id":"","footnotes":""},"class_list":["post-323","page","type-page","status-publish","hentry"],"_links":{"self":[{"href":"https:\/\/www.publicomm.at\/de\/wp-json\/wp\/v2\/pages\/323","targetHints":{"allow":["GET"]}}],"collection":[{"href":"https:\/\/www.publicomm.at\/de\/wp-json\/wp\/v2\/pages"}],"about":[{"href":"https:\/\/www.publicomm.at\/de\/wp-json\/wp\/v2\/types\/page"}],"author":[{"embeddable":true,"href":"https:\/\/www.publicomm.at\/de\/wp-json\/wp\/v2\/users\/1"}],"replies":[{"embeddable":true,"href":"https:\/\/www.publicomm.at\/de\/wp-json\/wp\/v2\/comments?post=323"}],"version-history":[{"count":91,"href":"https:\/\/www.publicomm.at\/de\/wp-json\/wp\/v2\/pages\/323\/revisions"}],"predecessor-version":[{"id":1848,"href":"https:\/\/www.publicomm.at\/de\/wp-json\/wp\/v2\/pages\/323\/revisions\/1848"}],"wp:attachment":[{"href":"https:\/\/www.publicomm.at\/de\/wp-json\/wp\/v2\/media?parent=323"}],"curies":[{"name":"wp","href":"https:\/\/api.w.org\/{rel}","templated":true}]}}