{"id":321,"date":"2023-10-17T15:27:58","date_gmt":"2023-10-17T13:27:58","guid":{"rendered":"http:\/\/www.publicomm.at\/?page_id=321"},"modified":"2025-10-21T10:50:13","modified_gmt":"2025-10-21T08:50:13","slug":"media","status":"publish","type":"page","link":"https:\/\/www.publicomm.at\/de\/media\/","title":{"rendered":"Media"},"content":{"rendered":"<div data-elementor-type=\"wp-page\" data-elementor-id=\"321\" class=\"elementor elementor-321\" data-elementor-post-type=\"page\">\n\t\t\t\t\t\t<section class=\"elementor-section elementor-top-section elementor-element elementor-element-cb44511 elementor-section-full_width headersection elementor-section-height-default elementor-section-height-default\" data-id=\"cb44511\" data-element_type=\"section\">\n\t\t\t\t\t\t<div class=\"elementor-container elementor-column-gap-default\">\n\t\t\t\t\t<div class=\"elementor-column elementor-col-100 elementor-top-column elementor-element elementor-element-cd22e1d headerimage\" data-id=\"cd22e1d\" data-element_type=\"column\" data-settings=\"{&quot;background_background&quot;:&quot;classic&quot;}\">\n\t\t\t<div class=\"elementor-widget-wrap\">\n\t\t\t\t\t\t\t<\/div>\n\t\t<\/div>\n\t\t\t\t\t<\/div>\n\t\t<\/section>\n\t\t\t\t<section class=\"elementor-section elementor-top-section elementor-element elementor-element-c6c1434 elementor-section-boxed elementor-section-height-default elementor-section-height-default\" data-id=\"c6c1434\" data-element_type=\"section\">\n\t\t\t\t\t\t<div class=\"elementor-container elementor-column-gap-default\">\n\t\t\t\t\t<div class=\"elementor-column elementor-col-100 elementor-top-column elementor-element elementor-element-11748ac\" data-id=\"11748ac\" data-element_type=\"column\">\n\t\t\t<div class=\"elementor-widget-wrap elementor-element-populated\">\n\t\t\t\t\t\t<div class=\"elementor-element elementor-element-e9dc3a7 elementor-widget elementor-widget-heading\" data-id=\"e9dc3a7\" data-element_type=\"widget\" data-widget_type=\"heading.default\">\n\t\t\t\t<div class=\"elementor-widget-container\">\n\t\t\t<h1 class=\"elementor-heading-title elementor-size-default\">Media<\/h1>\t\t<\/div>\n\t\t\t\t<\/div>\n\t\t\t\t\t<\/div>\n\t\t<\/div>\n\t\t\t\t\t<\/div>\n\t\t<\/section>\n\t\t\t\t<section class=\"elementor-section elementor-top-section elementor-element elementor-element-7473c92 elementor-section-boxed elementor-section-height-default elementor-section-height-default\" data-id=\"7473c92\" data-element_type=\"section\">\n\t\t\t\t\t\t<div class=\"elementor-container elementor-column-gap-default\">\n\t\t\t\t\t<div class=\"elementor-column elementor-col-100 elementor-top-column elementor-element elementor-element-1cf0794\" data-id=\"1cf0794\" data-element_type=\"column\" data-settings=\"{&quot;background_background&quot;:&quot;classic&quot;}\">\n\t\t\t<div class=\"elementor-widget-wrap elementor-element-populated\">\n\t\t\t\t\t\t<div class=\"elementor-element elementor-element-23c773e elementor-widget elementor-widget-text-editor\" data-id=\"23c773e\" data-element_type=\"widget\" data-widget_type=\"text-editor.default\">\n\t\t\t\t<div class=\"elementor-widget-container\">\n\t\t\t\t\t\t\t<p>pCM bietet auch Mediendienstleistungen an, die sich auf die Entwicklung und Produktion von Sonderausgaben, B\u00fcchern, Brosch\u00fcren und Handb\u00fcchern f\u00fcr den Rettungsdienst, den Krankentransport, den Zivilschutz, die Katastrophenhilfe und das Krisenmanagement konzentrieren.<\/p><p>\u00a0<\/p><p>pCM bietet fundiertes thematisches Fachwissen bei der Identifizierung und Visualisierung komplexer Prozesse anhand von Projekten, Ausbildungs- und Missionshandb\u00fcchern und Feldleitf\u00e4den f\u00fcr die Missionsunterst\u00fctzung und das NGO-Management. Von Taschenkarten bis zu technischen Handb\u00fcchern, manche St\u00fccke bis zu hunderten von Exemplaren, gedruckt und digital: wir sind der flexible Ansprechpartner f\u00fcr individuelle Publikationen.<\/p>\t\t\t\t\t\t<\/div>\n\t\t\t\t<\/div>\n\t\t\t\t\t<\/div>\n\t\t<\/div>\n\t\t\t\t\t<\/div>\n\t\t<\/section>\n\t\t\t\t<section class=\"elementor-section elementor-top-section elementor-element elementor-element-715fbc9 elementor-section-full_width elementor-reverse-mobile elementor-section-height-default elementor-section-height-default\" data-id=\"715fbc9\" data-element_type=\"section\">\n\t\t\t\t\t\t<div class=\"elementor-container elementor-column-gap-no\">\n\t\t\t\t\t<div class=\"elementor-column elementor-col-50 elementor-top-column elementor-element elementor-element-40ad9be minheight\" data-id=\"40ad9be\" data-element_type=\"column\" data-settings=\"{&quot;background_background&quot;:&quot;classic&quot;}\">\n\t\t\t<div class=\"elementor-widget-wrap\">\n\t\t\t\t\t\t\t<\/div>\n\t\t<\/div>\n\t\t\t\t<div class=\"elementor-column elementor-col-50 elementor-top-column elementor-element elementor-element-c34b2fe\" data-id=\"c34b2fe\" data-element_type=\"column\" data-settings=\"{&quot;background_background&quot;:&quot;classic&quot;}\">\n\t\t\t<div class=\"elementor-widget-wrap elementor-element-populated\">\n\t\t\t\t\t\t<div class=\"elementor-element elementor-element-958e6c2 elementor-widget elementor-widget-heading\" data-id=\"958e6c2\" data-element_type=\"widget\" data-widget_type=\"heading.default\">\n\t\t\t\t<div class=\"elementor-widget-container\">\n\t\t\t<h2 class=\"elementor-heading-title elementor-size-default\">Kommerzielle Dienstleistungen<\/h2>\t\t<\/div>\n\t\t\t\t<\/div>\n\t\t\t\t<div class=\"elementor-element elementor-element-d0c30f0 elementor-widget elementor-widget-text-editor\" data-id=\"d0c30f0\" data-element_type=\"widget\" data-widget_type=\"text-editor.default\">\n\t\t\t\t<div class=\"elementor-widget-container\">\n\t\t\t\t\t\t\t<p>pCM unterst\u00fctzt die Anbieter von Projekten und Projektkonsortien mit kommerziellen Dienstleistungen wie:<\/p>\t\t\t\t\t\t<\/div>\n\t\t\t\t<\/div>\n\t\t\t\t<div class=\"elementor-element elementor-element-8d76200 elementor-align-left elementor-icon-list--layout-traditional elementor-list-item-link-full_width elementor-widget elementor-widget-icon-list\" data-id=\"8d76200\" data-element_type=\"widget\" data-widget_type=\"icon-list.default\">\n\t\t\t\t<div class=\"elementor-widget-container\">\n\t\t\t\t\t<ul class=\"elementor-icon-list-items\">\n\t\t\t\t\t\t\t<li class=\"elementor-icon-list-item\">\n\t\t\t\t\t\t\t\t\t\t<span class=\"elementor-icon-list-text\">Gestaltung und Pflege von Mediendiensten wie Websites, Social-Media-Konten und Publikationen - Sichtbarkeit und Verbreitung von Projekten.<\/span>\n\t\t\t\t\t\t\t\t\t<\/li>\n\t\t\t\t\t\t\t\t<li class=\"elementor-icon-list-item\">\n\t\t\t\t\t\t\t\t\t\t<span class=\"elementor-icon-list-text\">Planung, Organisation, Management und Beaufsichtigung von Workshops, Schulungen und \u00dcbungen.<\/span>\n\t\t\t\t\t\t\t\t\t<\/li>\n\t\t\t\t\t\t\t\t<li class=\"elementor-icon-list-item\">\n\t\t\t\t\t\t\t\t\t\t<span class=\"elementor-icon-list-text\">Organisation und \u00dcberwachung von Reisen und Unterk\u00fcnften f\u00fcr projektbezogenes Personal.<\/span>\n\t\t\t\t\t\t\t\t\t<\/li>\n\t\t\t\t\t\t<\/ul>\n\t\t\t\t<\/div>\n\t\t\t\t<\/div>\n\t\t\t\t\t<\/div>\n\t\t<\/div>\n\t\t\t\t\t<\/div>\n\t\t<\/section>\n\t\t\t\t<section class=\"elementor-section elementor-top-section elementor-element elementor-element-3d31b30 elementor-section-full_width minheight elementor-reverse-mobile elementor-section-height-default elementor-section-height-default\" data-id=\"3d31b30\" data-element_type=\"section\">\n\t\t\t\t\t\t<div class=\"elementor-container elementor-column-gap-no\">\n\t\t\t\t\t<div class=\"elementor-column elementor-col-50 elementor-top-column elementor-element elementor-element-9f128cc minheight\" data-id=\"9f128cc\" data-element_type=\"column\" data-settings=\"{&quot;background_background&quot;:&quot;classic&quot;}\">\n\t\t\t<div class=\"elementor-widget-wrap\">\n\t\t\t\t\t\t\t<\/div>\n\t\t<\/div>\n\t\t\t\t<div class=\"elementor-column elementor-col-50 elementor-top-column elementor-element elementor-element-7b2d05b\" data-id=\"7b2d05b\" data-element_type=\"column\" data-settings=\"{&quot;background_background&quot;:&quot;classic&quot;}\">\n\t\t\t<div class=\"elementor-widget-wrap elementor-element-populated\">\n\t\t\t\t\t\t<div class=\"elementor-element elementor-element-47e9f94 elementor-widget elementor-widget-heading\" data-id=\"47e9f94\" data-element_type=\"widget\" data-widget_type=\"heading.default\">\n\t\t\t\t<div class=\"elementor-widget-container\">\n\t\t\t<h2 class=\"elementor-heading-title elementor-size-default\">Sichtbarkeit und \u00d6ffentlichkeitsarbeit<\/h2>\t\t<\/div>\n\t\t\t\t<\/div>\n\t\t\t\t<div class=\"elementor-element elementor-element-9019155 elementor-widget elementor-widget-text-editor\" data-id=\"9019155\" data-element_type=\"widget\" data-widget_type=\"text-editor.default\">\n\t\t\t\t<div class=\"elementor-widget-container\">\n\t\t\t\t\t\t\t<p>Die Palette der Unterst\u00fctzung f\u00fcr die Sichtbarkeit reicht von einer Internetpr\u00e4senz \u00fcber Websites, Download-M\u00f6glichkeiten und Blogs, soziale Medien, Pressemitteilungen und mit Warenzeichen versehene Kleidung bis hin zu Sichtbarkeitsartikeln f\u00fcr die F\u00f6rderung von Projekten zur Identifizierung und Visualisierung einschlie\u00dflich der Mobilisierung von VIPs f\u00fcr Besuche, um zus\u00e4tzliche Medienaufmerksamkeit zu erzeugen.<\/p><p>Das Medienteam k\u00fcmmert sich um die Einrichtung der Projektwebseiten und ist f\u00fcr die Pflege von Blogs und Social-Media-Konten sowie deren regelm\u00e4\u00dfige Aktualisierung in enger Zusammenarbeit mit der jeweiligen Projektleitung verantwortlich.<\/p>\t\t\t\t\t\t<\/div>\n\t\t\t\t<\/div>\n\t\t\t\t\t<\/div>\n\t\t<\/div>\n\t\t\t\t\t<\/div>\n\t\t<\/section>\n\t\t\t\t<\/div>","protected":false},"excerpt":{"rendered":"<p>Media pCM also offers media services focused on developing and producing special editions, books, brochures and manuals for rescue, ambulance service, civil protection, disaster relief, and crisis management. \u00a0 pCM offers in-depth thematic expertise in identifying and visualising complex processes according to projects, training and mission handbooks and field guides, for mission support and NGO [&hellip;]<\/p>","protected":false},"author":1,"featured_media":0,"parent":0,"menu_order":0,"comment_status":"closed","ping_status":"closed","template":"","meta":{"_ti_tpc_template_sync":false,"_ti_tpc_template_id":"","footnotes":""},"class_list":["post-321","page","type-page","status-publish","hentry"],"_links":{"self":[{"href":"https:\/\/www.publicomm.at\/de\/wp-json\/wp\/v2\/pages\/321","targetHints":{"allow":["GET"]}}],"collection":[{"href":"https:\/\/www.publicomm.at\/de\/wp-json\/wp\/v2\/pages"}],"about":[{"href":"https:\/\/www.publicomm.at\/de\/wp-json\/wp\/v2\/types\/page"}],"author":[{"embeddable":true,"href":"https:\/\/www.publicomm.at\/de\/wp-json\/wp\/v2\/users\/1"}],"replies":[{"embeddable":true,"href":"https:\/\/www.publicomm.at\/de\/wp-json\/wp\/v2\/comments?post=321"}],"version-history":[{"count":61,"href":"https:\/\/www.publicomm.at\/de\/wp-json\/wp\/v2\/pages\/321\/revisions"}],"predecessor-version":[{"id":1943,"href":"https:\/\/www.publicomm.at\/de\/wp-json\/wp\/v2\/pages\/321\/revisions\/1943"}],"wp:attachment":[{"href":"https:\/\/www.publicomm.at\/de\/wp-json\/wp\/v2\/media?parent=321"}],"curies":[{"name":"wp","href":"https:\/\/api.w.org\/{rel}","templated":true}]}}