{"id":1692,"date":"2024-05-08T08:54:31","date_gmt":"2024-05-08T06:54:31","guid":{"rendered":"https:\/\/www.publicomm.at\/?page_id=1692"},"modified":"2024-09-25T10:04:19","modified_gmt":"2024-09-25T08:04:19","slug":"eu-modex-eucpt-tast","status":"publish","type":"page","link":"https:\/\/www.publicomm.at\/de\/eu-modex-eucpt-tast\/","title":{"rendered":"EU MODEX &#8211; EUCPT-TAST"},"content":{"rendered":"<div data-elementor-type=\"wp-page\" data-elementor-id=\"1692\" class=\"elementor elementor-1692\" data-elementor-post-type=\"page\">\n\t\t\t\t\t\t<section class=\"elementor-section elementor-top-section elementor-element elementor-element-7aeff4b elementor-section-boxed elementor-section-height-default elementor-section-height-default\" data-id=\"7aeff4b\" data-element_type=\"section\">\n\t\t\t\t\t\t<div class=\"elementor-container elementor-column-gap-default\">\n\t\t\t\t\t<div class=\"elementor-column elementor-col-100 elementor-top-column elementor-element elementor-element-1796026\" data-id=\"1796026\" data-element_type=\"column\">\n\t\t\t<div class=\"elementor-widget-wrap elementor-element-populated\">\n\t\t\t\t\t\t<div class=\"elementor-element elementor-element-db1c58b elementor-widget elementor-widget-image\" data-id=\"db1c58b\" data-element_type=\"widget\" data-widget_type=\"image.default\">\n\t\t\t\t<div class=\"elementor-widget-container\">\n\t\t\t\t\t\t\t\t\t\t\t\t\t<img fetchpriority=\"high\" decoding=\"async\" width=\"1600\" height=\"1200\" src=\"https:\/\/www.publicomm.at\/wp-content\/uploads\/2024\/05\/431507429_813182627299567_565064547283612295_n.jpg\" class=\"attachment-full size-full wp-image-1696\" alt=\"\" srcset=\"https:\/\/www.publicomm.at\/wp-content\/uploads\/2024\/05\/431507429_813182627299567_565064547283612295_n.jpg 1600w, https:\/\/www.publicomm.at\/wp-content\/uploads\/2024\/05\/431507429_813182627299567_565064547283612295_n-300x225.jpg 300w, https:\/\/www.publicomm.at\/wp-content\/uploads\/2024\/05\/431507429_813182627299567_565064547283612295_n-1024x768.jpg 1024w, https:\/\/www.publicomm.at\/wp-content\/uploads\/2024\/05\/431507429_813182627299567_565064547283612295_n-768x576.jpg 768w, https:\/\/www.publicomm.at\/wp-content\/uploads\/2024\/05\/431507429_813182627299567_565064547283612295_n-1536x1152.jpg 1536w, https:\/\/www.publicomm.at\/wp-content\/uploads\/2024\/05\/431507429_813182627299567_565064547283612295_n-16x12.jpg 16w\" sizes=\"(max-width: 1600px) 100vw, 1600px\" \/>\t\t\t\t\t\t\t\t\t\t\t\t\t<\/div>\n\t\t\t\t<\/div>\n\t\t\t\t<div class=\"elementor-element elementor-element-16d5fb3 elementor-widget elementor-widget-heading\" data-id=\"16d5fb3\" data-element_type=\"widget\" data-widget_type=\"heading.default\">\n\t\t\t\t<div class=\"elementor-widget-container\">\n\t\t\t<h2 class=\"elementor-heading-title elementor-size-default\">EU MODEX - EUCPT-TAST<\/h2>\t\t<\/div>\n\t\t\t\t<\/div>\n\t\t\t\t\t<\/div>\n\t\t<\/div>\n\t\t\t\t\t<\/div>\n\t\t<\/section>\n\t\t\t\t<section class=\"elementor-section elementor-top-section elementor-element elementor-element-faf22e4 elementor-section-boxed elementor-section-height-default elementor-section-height-default\" data-id=\"faf22e4\" data-element_type=\"section\">\n\t\t\t\t\t\t<div class=\"elementor-container elementor-column-gap-default\">\n\t\t\t\t\t<div class=\"elementor-column elementor-col-100 elementor-top-column elementor-element elementor-element-ea120e3\" data-id=\"ea120e3\" data-element_type=\"column\" data-settings=\"{&quot;background_background&quot;:&quot;classic&quot;}\">\n\t\t\t<div class=\"elementor-widget-wrap elementor-element-populated\">\n\t\t\t\t\t\t<div class=\"elementor-element elementor-element-f8ecf98 elementor-widget elementor-widget-text-editor\" data-id=\"f8ecf98\" data-element_type=\"widget\" data-widget_type=\"text-editor.default\">\n\t\t\t\t<div class=\"elementor-widget-container\">\n\t\t\t\t\t\t\t<p><span style=\"font-family: Dunant, sans-serif; font-size: 11pt; background-color: var( --e-global-color-974c099 );\">&nbsp;<\/span><br>Das Konsortium bietet an, zwei Feld\u00fcbungen f\u00fcr EUCPT und TAST zu konzipieren, zu planen, durchzuf\u00fchren und auszuwerten. Zwei Feld\u00fcbungen f\u00fcr UCPM-Feldmanagementteams, die in einem innovativen, zeitgem\u00e4\u00dfen, neuen Rahmen konzipiert und durchgef\u00fchrt werden. Professionelles EXCON-Management und anspruchsvolle Partner aus dem Gastland pr\u00e4gen diese \u201eteilnehmerorientierte\u201c praktische \u00dcbung. Diese \u00dcbungen st\u00fctzen sich auf starke nationale Partner und dauern viereinhalb Tage. Die \u00dcbung bietet eine realistische Missionserfahrung einer Beratungs-\/Auftragskl\u00e4rungs-Mission mit hohem Ausbildungswert und Interoperabilit\u00e4t f\u00fcr alle Teilnehmer und Beteiligten.<\/p>\n<p><span style=\"font-family: Dunant, sans-serif; font-size: 11pt; background-color: var( --e-global-color-974c099 );\">&nbsp;<\/span><br>The consortium offers two advisory\/scoping mission exercises based on scenarios inspired by authentic disasters: the volcanic eruption in La Palma, Spain in 2021 and the wildfires in southwest Ireland the same year. The first exercise will take place in spring 2025, in Wicklow County and the second exercise will happen in autumn 2025, in Tenerife.<\/p>\n<p><br><\/p>\n<p>publiComm is supporting the project consortium in administration and project management, services and purchases, continuous media coverage, dissemination and visibility for the project, and support the visibility of the UCPM.<\/p>\t\t\t\t\t\t<\/div>\n\t\t\t\t<\/div>\n\t\t\t\t\t<\/div>\n\t\t<\/div>\n\t\t\t\t\t<\/div>\n\t\t<\/section>\n\t\t\t\t<\/div>","protected":false},"excerpt":{"rendered":"<p>EU MODEX &#8211; EUCPT-TAST &nbsp;The consortium offers to design, plan, conduct and evaluate two field exercises for EUCPT and TAST. Two field exercises for UCPM field management teams, designed and conducted in an innovative, contemporary, new setup. Professional EXCON management and challenging counterparts from the host country are characterising this \u201cparticipant-driven\u201d hands-on exercise. These exercises [&hellip;]<\/p>","protected":false},"author":3,"featured_media":0,"parent":0,"menu_order":0,"comment_status":"closed","ping_status":"closed","template":"","meta":{"_ti_tpc_template_sync":false,"_ti_tpc_template_id":"","footnotes":""},"class_list":["post-1692","page","type-page","status-publish","hentry"],"_links":{"self":[{"href":"https:\/\/www.publicomm.at\/de\/wp-json\/wp\/v2\/pages\/1692","targetHints":{"allow":["GET"]}}],"collection":[{"href":"https:\/\/www.publicomm.at\/de\/wp-json\/wp\/v2\/pages"}],"about":[{"href":"https:\/\/www.publicomm.at\/de\/wp-json\/wp\/v2\/types\/page"}],"author":[{"embeddable":true,"href":"https:\/\/www.publicomm.at\/de\/wp-json\/wp\/v2\/users\/3"}],"replies":[{"embeddable":true,"href":"https:\/\/www.publicomm.at\/de\/wp-json\/wp\/v2\/comments?post=1692"}],"version-history":[{"count":16,"href":"https:\/\/www.publicomm.at\/de\/wp-json\/wp\/v2\/pages\/1692\/revisions"}],"predecessor-version":[{"id":1854,"href":"https:\/\/www.publicomm.at\/de\/wp-json\/wp\/v2\/pages\/1692\/revisions\/1854"}],"wp:attachment":[{"href":"https:\/\/www.publicomm.at\/de\/wp-json\/wp\/v2\/media?parent=1692"}],"curies":[{"name":"wp","href":"https:\/\/api.w.org\/{rel}","templated":true}]}}