{"id":136,"date":"2023-07-20T12:51:36","date_gmt":"2023-07-20T10:51:36","guid":{"rendered":"http:\/\/10.0.0.7:8999\/?page_id=136"},"modified":"2023-11-14T09:33:11","modified_gmt":"2023-11-14T08:33:11","slug":"impressum","status":"publish","type":"page","link":"https:\/\/www.publicomm.at\/de\/impressum\/","title":{"rendered":"Impressum"},"content":{"rendered":"<div data-elementor-type=\"wp-page\" data-elementor-id=\"136\" class=\"elementor elementor-136\" data-elementor-post-type=\"page\">\n\t\t\t\t\t\t<section class=\"elementor-section elementor-top-section elementor-element elementor-element-6a1a87b elementor-section-boxed elementor-section-height-default elementor-section-height-default\" data-id=\"6a1a87b\" data-element_type=\"section\">\n\t\t\t\t\t\t<div class=\"elementor-container elementor-column-gap-default\">\n\t\t\t\t\t<div class=\"elementor-column elementor-col-100 elementor-top-column elementor-element elementor-element-a0f362d\" data-id=\"a0f362d\" data-element_type=\"column\">\n\t\t\t<div class=\"elementor-widget-wrap elementor-element-populated\">\n\t\t\t\t\t\t<div class=\"elementor-element elementor-element-ce81d40 elementor-widget elementor-widget-heading\" data-id=\"ce81d40\" data-element_type=\"widget\" data-widget_type=\"heading.default\">\n\t\t\t\t<div class=\"elementor-widget-container\">\n\t\t\t<h1 class=\"elementor-heading-title elementor-size-default\">IMPRessum<\/h1>\t\t<\/div>\n\t\t\t\t<\/div>\n\t\t\t\t\t<\/div>\n\t\t<\/div>\n\t\t\t\t\t<\/div>\n\t\t<\/section>\n\t\t\t\t<section class=\"elementor-section elementor-top-section elementor-element elementor-element-e38de18 elementor-section-boxed elementor-section-height-default elementor-section-height-default\" data-id=\"e38de18\" data-element_type=\"section\">\n\t\t\t\t\t\t<div class=\"elementor-container elementor-column-gap-default\">\n\t\t\t\t\t<div class=\"elementor-column elementor-col-100 elementor-top-column elementor-element elementor-element-3a61529\" data-id=\"3a61529\" data-element_type=\"column\">\n\t\t\t<div class=\"elementor-widget-wrap elementor-element-populated\">\n\t\t\t\t\t\t<div class=\"elementor-element elementor-element-b77db52 elementor-widget elementor-widget-text-editor\" data-id=\"b77db52\" data-element_type=\"widget\" data-widget_type=\"text-editor.default\">\n\t\t\t\t<div class=\"elementor-widget-container\">\n\t\t\t\t\t\t\t<p><b>Medieninhaber:<\/b><\/p>\n<p><\/p>\n<p>publiComm GmbH<\/p>\n<p><\/p>\n<p>1100 Wien, \u00d6sterreich<\/p>\n<p><\/p>\n<p>T: +43 664 4556600<\/p>\n<p><\/p>\n<p>office@publicomm.at<\/p>\n<p><\/p>\n<p><b>Copyright<\/b><\/p>\n<p><\/p>\n<p>Der Inhaber dieser Webseite beh\u00e4lt sich alle Rechte an Texten, Bildern, Grafiken, Sounddateien und Animationen die zur Gestaltung der Internetseiten verwendet wurden vor. Diese Elemente unterliegen dem Schutz des Urheberrechts und anderer Schutzgesetze. Teilweise unterliegen die zur Gestaltung verwendeten Elemente auch den Urheberrechten Dritter. Der Inhalt oder einzelne Teile des Inhaltes d\u00fcrfen ohne vorherige schriftliche Genehmigung nicht kopiert, verbreitet, ver\u00e4ndert oder Dritten zug\u00e4nglich gemacht werden.<\/p>\n<p><\/p>\n<p><b>Haftungsausschluss<\/b><\/p>\n<p><\/p>\n<p>Der Inhaber dieser Webseite \u00fcbernimmt keinerlei Gew\u00e4hr f\u00fcr die Aktualit\u00e4t, Korrektheit, Vollst\u00e4ndigkeit oder Qualit\u00e4t der zur Verf\u00fcgung gestellten Informationen, diese dienen zum Zweck der allgemeinen Information und journalistischen Meinungsvielfalt. Haftungsanspr\u00fcche welche sich auf Sch\u00e4den materieller oder ideeller Art beziehen, die durch die Nutzung oder Nichtnutzung der angebotenen Informationen bzw. durch die Nutzung fehlerhafter, irref\u00fchrender oder unvollst\u00e4ndiger Informationen verursacht wurden, sind grunds\u00e4tzlich ausgeschlossen, sofern seitens der Autoren kein nachweislich vors\u00e4tzliches oder grob fahrl\u00e4ssiges Verschulden vorliegt.<\/p>\n<p><\/p>\n<p>Dieser Haftungsausschluss ist als Teil des Angebotes zu betrachten. Sofern Teile oder einzelne Formulierungen dieses Textes der geltenden Rechtslage nicht, nicht mehr oder nicht vollst\u00e4ndig entsprechen sollten, bleiben die \u00fcbrigen Teile des Dokumentes in ihrem Inhalt und ihrer G\u00fcltigkeit davon unber\u00fchrt. Alle Angebote sind freibleibend und unverbindlich. Der Autor beh\u00e4lt es sich ausdr\u00fccklich vor, Teile der Seiten oder das gesamte Angebot ohne gesonderte Ank\u00fcndigung zu ver\u00e4ndern, zu erg\u00e4nzen, zu l\u00f6schen oder die Ver\u00f6ffentlichung zeitweise oder endg\u00fcltig einzustellen.<\/p>\n<p><\/p>\n<p><b>Hinweis<\/b><\/p>\n<p><\/p>\n<p>Im Rahmen unseres Informationsangebotes werden auch Links zu Internetinhalten anderer Anbieter bereitgestellt. Auf den Inhalt dieser Seiten haben wir keinen Einfluss. F\u00fcr diese Inhalte und weiterf\u00fchrende Links ist ausschlie\u00dflich der Betreiber der jeweiligen Website verantwortlich. Trotz regelm\u00e4\u00dfiger \u00dcberpr\u00fcfung der Inhalte m\u00fcssen wir daher jede Verantwortung f\u00fcr den Inhalt dieser Links bzw. der verlinkten Seite ablehnen.<\/p>\t\t\t\t\t\t<\/div>\n\t\t\t\t<\/div>\n\t\t\t\t\t<\/div>\n\t\t<\/div>\n\t\t\t\t\t<\/div>\n\t\t<\/section>\n\t\t\t\t<\/div>","protected":false},"excerpt":{"rendered":"<p>IMPRessum Medieninhaber: publiComm GmbH 1100 Wien, \u00d6sterreich T: +43 664 4556600 office@publicomm.at Copyright Der Inhaber dieser Webseite beh\u00e4lt sich alle Rechte an Texten, Bildern, Grafiken, Sounddateien und Animationen die zur Gestaltung der Internetseiten verwendet wurden vor. Diese Elemente unterliegen dem Schutz des Urheberrechts und anderer Schutzgesetze. Teilweise unterliegen die zur Gestaltung verwendeten Elemente auch den [&hellip;]<\/p>","protected":false},"author":1,"featured_media":0,"parent":0,"menu_order":0,"comment_status":"closed","ping_status":"closed","template":"","meta":{"_ti_tpc_template_sync":false,"_ti_tpc_template_id":"","footnotes":""},"class_list":["post-136","page","type-page","status-publish","hentry"],"_links":{"self":[{"href":"https:\/\/www.publicomm.at\/de\/wp-json\/wp\/v2\/pages\/136","targetHints":{"allow":["GET"]}}],"collection":[{"href":"https:\/\/www.publicomm.at\/de\/wp-json\/wp\/v2\/pages"}],"about":[{"href":"https:\/\/www.publicomm.at\/de\/wp-json\/wp\/v2\/types\/page"}],"author":[{"embeddable":true,"href":"https:\/\/www.publicomm.at\/de\/wp-json\/wp\/v2\/users\/1"}],"replies":[{"embeddable":true,"href":"https:\/\/www.publicomm.at\/de\/wp-json\/wp\/v2\/comments?post=136"}],"version-history":[{"count":32,"href":"https:\/\/www.publicomm.at\/de\/wp-json\/wp\/v2\/pages\/136\/revisions"}],"predecessor-version":[{"id":1585,"href":"https:\/\/www.publicomm.at\/de\/wp-json\/wp\/v2\/pages\/136\/revisions\/1585"}],"wp:attachment":[{"href":"https:\/\/www.publicomm.at\/de\/wp-json\/wp\/v2\/media?parent=136"}],"curies":[{"name":"wp","href":"https:\/\/api.w.org\/{rel}","templated":true}]}}