{"id":1342,"date":"2023-11-08T13:49:32","date_gmt":"2023-11-08T12:49:32","guid":{"rendered":"http:\/\/www.publicomm.at\/?page_id=1342"},"modified":"2024-09-25T10:14:25","modified_gmt":"2024-09-25T08:14:25","slug":"lot-3-idmex-hns-ttx","status":"publish","type":"page","link":"https:\/\/www.publicomm.at\/de\/lot-3-idmex-hns-ttx\/","title":{"rendered":"Lot 3 IDMEX \u2013 HNS TTX"},"content":{"rendered":"<div data-elementor-type=\"wp-page\" data-elementor-id=\"1342\" class=\"elementor elementor-1342\" data-elementor-post-type=\"page\">\n\t\t\t\t\t\t<section class=\"elementor-section elementor-top-section elementor-element elementor-element-9816294 elementor-section-full_width headersection elementor-section-height-default elementor-section-height-default\" data-id=\"9816294\" data-element_type=\"section\">\n\t\t\t\t\t\t<div class=\"elementor-container elementor-column-gap-default\">\n\t\t\t\t\t<div class=\"elementor-column elementor-col-100 elementor-top-column elementor-element elementor-element-9fd2a40 headerimage\" data-id=\"9fd2a40\" data-element_type=\"column\" data-settings=\"{&quot;background_background&quot;:&quot;classic&quot;}\">\n\t\t\t<div class=\"elementor-widget-wrap\">\n\t\t\t\t\t\t\t<\/div>\n\t\t<\/div>\n\t\t\t\t\t<\/div>\n\t\t<\/section>\n\t\t\t\t<section class=\"elementor-section elementor-top-section elementor-element elementor-element-5d6b901 elementor-section-boxed elementor-section-height-default elementor-section-height-default\" data-id=\"5d6b901\" data-element_type=\"section\">\n\t\t\t\t\t\t<div class=\"elementor-container elementor-column-gap-default\">\n\t\t\t\t\t<div class=\"elementor-column elementor-col-100 elementor-top-column elementor-element elementor-element-480f8f9\" data-id=\"480f8f9\" data-element_type=\"column\">\n\t\t\t<div class=\"elementor-widget-wrap elementor-element-populated\">\n\t\t\t\t\t\t<div class=\"elementor-element elementor-element-50b5ec8 elementor-widget elementor-widget-heading\" data-id=\"50b5ec8\" data-element_type=\"widget\" data-widget_type=\"heading.default\">\n\t\t\t\t<div class=\"elementor-widget-container\">\n\t\t\t<h2 class=\"elementor-heading-title elementor-size-default\">Lot 3 IDMEX - HNS TTX<\/h2>\t\t<\/div>\n\t\t\t\t<\/div>\n\t\t\t\t\t<\/div>\n\t\t<\/div>\n\t\t\t\t\t<\/div>\n\t\t<\/section>\n\t\t\t\t<section class=\"elementor-section elementor-top-section elementor-element elementor-element-e56a7a5 elementor-section-boxed elementor-section-height-default elementor-section-height-default\" data-id=\"e56a7a5\" data-element_type=\"section\">\n\t\t\t\t\t\t<div class=\"elementor-container elementor-column-gap-default\">\n\t\t\t\t\t<div class=\"elementor-column elementor-col-100 elementor-top-column elementor-element elementor-element-ed36ef2\" data-id=\"ed36ef2\" data-element_type=\"column\" data-settings=\"{&quot;background_background&quot;:&quot;classic&quot;}\">\n\t\t\t<div class=\"elementor-widget-wrap elementor-element-populated\">\n\t\t\t\t\t\t<div class=\"elementor-element elementor-element-250d0e5 elementor-widget elementor-widget-text-editor\" data-id=\"250d0e5\" data-element_type=\"widget\" data-widget_type=\"text-editor.default\">\n\t\t\t\t<div class=\"elementor-widget-container\">\n\t\t\t\t\t\t\t<p>pCC was a member of the IDMEX consortium, conducting two tenders for 2018 Lot 2 (Plug-in Exercises) and Lot 3 (Host Nation Support table-top exercises &#8211; HNS TTX) for DG ECHO. Both projects were new developments, so Lot 2 was a PIX (plug-in exercise) for EU modules and EUCPT in the Caribbean in September 2019 and Lot 3 was the creation and conducting of three TTX (tabletop exercises) for HNS (Host Nation Support) after disasters.<\/p>\n<p><br><\/p>\n<p>Ziel war die Konzeption, Planung, Durchf\u00fchrung und Selbstevaluierung von Tabletop-\u00dcbungen zur Unterst\u00fctzung des Gastlandes f\u00fcr die wichtigsten Akteure der UCPM-Reaktion, einschlie\u00dflich des ERCC und seiner wichtigsten Gespr\u00e4chspartner auf europ\u00e4ischer, nationaler und internationaler Ebene.<br>Ziel war es, den Austausch von Abl\u00e4ufen und Best Practices in Bezug auf die Aufnahme und Koordinierung der eintreffenden internationalen Hilfe in einem betroffenen Nicht-EU-Land und in einem teilnehmenden Staat zu verbessern. Die Kenntnisse \u00fcber die EU Host Nation Support -Leitlinien f\u00fcr die Unterst\u00fctzung durch das Gastland sollten erh\u00f6ht werden und m\u00f6gliche Bereiche f\u00fcr Verbesserungen im institutionellen und operativen Rahmen der Notfallma\u00dfnahmen wurden ermittelt. <br>Das wichtigste \u00dcbungsszenario war schwere \u00dcberschwemmungen in \u00d6sterreich, und es wurde so konzipiert, dass die folgenden Ma\u00dfnahmen abgedeckt wurden:<\/p>\n<ul>\n<li>Rechtsrahmen f\u00fcr HNS im Gastland<\/li>\n<li>Konsularische Unterst\u00fctzung bei Katastrophenhilfe<\/li>\n<li>Szenario in einer komplexen Umgebung.<\/li>\n<\/ul>\n<p>Die HNS TTX fanden in Eisenerz, \u00d6sterreich (innerhalb der EU), Mirdite, Albanien (au\u00dferhalb der EU) und Accra, Ghana (au\u00dferhalb Europas) statt und waren risikobasierte \u00dcbungsszenarien (\u00dcberschwemmung, Erdbeben, Ausbruch einer Epidemie) in jeder Region und wurden nach einem Scale-up-Ansatz konzipiert.<\/p>\t\t\t\t\t\t<\/div>\n\t\t\t\t<\/div>\n\t\t\t\t\t<\/div>\n\t\t<\/div>\n\t\t\t\t\t<\/div>\n\t\t<\/section>\n\t\t\t\t<\/div>","protected":false},"excerpt":{"rendered":"<p>Lot 3 IDMEX &#8211; HNS TTX pCC was a member of the IDMEX consortium, conducting two tenders for 2018 Lot 2 (Plug-in Exercises) and Lot 3 (Host Nation Support table-top exercises &#8211; HNS TTX) for DG ECHO. Both projects were new developments, so Lot 2 was a PIX (plug-in exercise) for EU modules and EUCPT [&hellip;]<\/p>","protected":false},"author":1,"featured_media":0,"parent":0,"menu_order":0,"comment_status":"closed","ping_status":"closed","template":"","meta":{"_ti_tpc_template_sync":false,"_ti_tpc_template_id":"","footnotes":""},"class_list":["post-1342","page","type-page","status-publish","hentry"],"_links":{"self":[{"href":"https:\/\/www.publicomm.at\/de\/wp-json\/wp\/v2\/pages\/1342","targetHints":{"allow":["GET"]}}],"collection":[{"href":"https:\/\/www.publicomm.at\/de\/wp-json\/wp\/v2\/pages"}],"about":[{"href":"https:\/\/www.publicomm.at\/de\/wp-json\/wp\/v2\/types\/page"}],"author":[{"embeddable":true,"href":"https:\/\/www.publicomm.at\/de\/wp-json\/wp\/v2\/users\/1"}],"replies":[{"embeddable":true,"href":"https:\/\/www.publicomm.at\/de\/wp-json\/wp\/v2\/comments?post=1342"}],"version-history":[{"count":10,"href":"https:\/\/www.publicomm.at\/de\/wp-json\/wp\/v2\/pages\/1342\/revisions"}],"predecessor-version":[{"id":1867,"href":"https:\/\/www.publicomm.at\/de\/wp-json\/wp\/v2\/pages\/1342\/revisions\/1867"}],"wp:attachment":[{"href":"https:\/\/www.publicomm.at\/de\/wp-json\/wp\/v2\/media?parent=1342"}],"curies":[{"name":"wp","href":"https:\/\/api.w.org\/{rel}","templated":true}]}}