{"id":130,"date":"2023-07-20T12:50:01","date_gmt":"2023-07-20T10:50:01","guid":{"rendered":"http:\/\/10.0.0.7:8999\/?page_id=130"},"modified":"2023-11-14T09:28:07","modified_gmt":"2023-11-14T08:28:07","slug":"datenschutzerklaerung-2","status":"publish","type":"page","link":"https:\/\/www.publicomm.at\/de\/datenschutzerklaerung-2\/","title":{"rendered":"Datenschutzerkl\u00e4rung"},"content":{"rendered":"<div data-elementor-type=\"wp-page\" data-elementor-id=\"130\" class=\"elementor elementor-130\" data-elementor-post-type=\"page\">\n\t\t\t\t\t\t<section class=\"elementor-section elementor-top-section elementor-element elementor-element-4303204 elementor-section-boxed elementor-section-height-default elementor-section-height-default\" data-id=\"4303204\" data-element_type=\"section\">\n\t\t\t\t\t\t<div class=\"elementor-container elementor-column-gap-default\">\n\t\t\t\t\t<div class=\"elementor-column elementor-col-100 elementor-top-column elementor-element elementor-element-4d1027f\" data-id=\"4d1027f\" data-element_type=\"column\">\n\t\t\t<div class=\"elementor-widget-wrap elementor-element-populated\">\n\t\t\t\t\t\t<div class=\"elementor-element elementor-element-4ca6d5d elementor-widget elementor-widget-heading\" data-id=\"4ca6d5d\" data-element_type=\"widget\" data-widget_type=\"heading.default\">\n\t\t\t\t<div class=\"elementor-widget-container\">\n\t\t\t<h3 class=\"elementor-heading-title elementor-size-default\">Datenschutzerkl\u00e4rung<\/h3>\t\t<\/div>\n\t\t\t\t<\/div>\n\t\t\t\t<div class=\"elementor-element elementor-element-96bc557 elementor-widget elementor-widget-text-editor\" data-id=\"96bc557\" data-element_type=\"widget\" data-widget_type=\"text-editor.default\">\n\t\t\t\t<div class=\"elementor-widget-container\">\n\t\t\t\t\t\t\t<h3 class=\"moto-text_normal\"><strong>1. Datenschutz auf einen Blick<\/strong><\/h3>\n<p class=\"moto-text_normal\"><strong>Allgemeine Hinweise<\/strong><\/p>\n<p class=\"moto-text_normal\">Mit den folgenden Hinweisen m\u00f6chten wir Ihnen einen einfachen \u00dcberblick dar\u00fcber geben, was mit ihren personenbezogenen Daten geschieht, wenn Sie unsere Webseite besuchen. Mit personenbezogenen Daten werden s\u00e4mtliche Daten gemeint, mit denen Sie pers\u00f6nlich identifiziert werden k\u00f6nnen. In unserer Datenschutzerkl\u00e4rung finden Sie ausf\u00fchrliche Informationen zum Thema Datenschutz.<\/p>\n<p class=\"moto-text_normal\">Wer ist verantwortlich f\u00fcr die Datenerfassung auf dieser Website?<\/p>\n<p class=\"moto-text_normal\">Die Datenverarbeitung auf dieser Website erfolgt durch den Webseitenbetreiber, dessen Kontaktdaten Sie dem Impressum der Seite entnehmen k\u00f6nnen.<\/p>\n<p class=\"moto-text_normal\"><strong>Wie werden Ihre Daten erfasst?<\/strong><\/p>\n<p class=\"moto-text_normal\">Einerseits werden Ihre Daten dadurch erhoben, dass Sie uns diese mitteilen, z.B. durch Eingabe in ein Kontaktformular oder durch zusenden einer E-Mail. Andere Daten werden automatisch beim Besuch der Website durch unsere IT-Systeme erfasst. Hierbei handelt es sich vor allem um technische Daten, wie Informationen zum verwendeten Browser, zum Betriebssystem oder der Uhrzeit des Seitenaufrufs. Sobald Sie unsere Seite besuchen, erfolgt eine automatisierte Erfassung dieser Daten.<\/p>\n<p class=\"moto-text_normal\"><strong>Wof\u00fcr werden diese automatisch erfassten Daten genutzt?<\/strong><\/p>\n<p class=\"moto-text_normal\">Einen Teil Ihrer Daten verwenden wir, um eine fehlerfreie Bereitstellung unserer Webseite zu gew\u00e4hrleisten. Andere Daten k\u00f6nnen zur Analyse Ihres Nutzerverhaltens verwendet werden.<\/p>\n<p class=\"moto-text_normal\"><strong>Welche Rechte haben Sie bez\u00fcglich Ihrer Daten?<\/strong><\/p>\n<p class=\"moto-text_normal\">Sie haben jederzeit das Recht unentgeltlich Auskunft \u00fcber Herkunft, Empf\u00e4nger und Zweck Ihrer gespeicherten personenbezogenen Daten zu erhalten. Sie haben au\u00dferdem das Recht auf Berichtigung, Sperrung oder L\u00f6schung dieser Daten. Hierzu k\u00f6nnen Sie sich jederzeit unter der im Impressum angegebenen Adresse an uns wenden. Wenn Sie glauben, dass die Verarbeitung Ihrer Daten gegen das Datenschutzrecht verst\u00f6\u00dft oder Ihre datenschutzrechtlichen Anspr\u00fcche sonst in einer Weise verletzt worden sind, k\u00f6nnen Sie sich bei der Aufsichtsbeh\u00f6rde beschweren. In \u00d6sterreich ist dies die Datenschutzbeh\u00f6rde.<\/p>\n<p class=\"moto-text_normal\"><strong>Links<\/strong><\/p>\n<p class=\"moto-text_normal\">Unsere Webseite enth\u00e4lt links zu anderen Websites, auf die wir keinen Einfluss haben. Wir k\u00f6nnen keine Verantwortung f\u00fcr den Datenschutz oder den Inhalt dieser Websites \u00fcbernehmen.<\/p>\n<h3 class=\"moto-text_normal\"><strong>2. Allgemeine Hinweise und Pflichtinformationen<\/strong><\/h3>\n<p class=\"moto-text_normal\"><strong>Datenschutz<\/strong><\/p>\n<p class=\"moto-text_normal\">Der Schutz Ihrer pers\u00f6nlichen Daten ist uns ein besonderes Anliegen. Wir verarbeiten Ihre Daten daher ausschlie\u00dflich auf Grundlage der gesetzlichen Bestimmungen (DSGVO, TKG 2003). In diesen Datenschutzinformationen informieren wir Sie \u00fcber die wichtigsten Aspekte der Datenverarbeitung im Rahmen unserer Website.<\/p>\n<p class=\"moto-text_normal\">Bei einem Besuch unserer Webseite werden personenbezogene Daten erhoben. Dies sind Daten, mit denen Sie pers\u00f6nlich identifiziert werden k\u00f6nnen. In unserer Datenschutzerkl\u00e4rung erl\u00e4utern wir, welche Daten wir erheben und wof\u00fcr wir sie nutzen.<\/p>\n<p class=\"moto-text_normal\"><strong>\u00c4nderung unserer Datenschutzbestimmungen<\/strong><\/p>\n<p class=\"moto-text_normal\">Wir behalten uns gelegentliche Anpassungen dieser Datenschutzerkl\u00e4rung vor, um stets den aktuellen rechtlichen Anforderungen zu entsprechen, z.B. bei Einf\u00fchrung von neuen Services auf unserer Webseite. F\u00fcr Ihren erneuten Besuch gilt dann die neue Datenschutzerkl\u00e4rung.<\/p>\n<p class=\"moto-text_normal\"><strong>Widerruf Ihrer Einwilligung zur Datenverarbeitung<\/strong><\/p>\n<p class=\"moto-text_normal\">Eine bereits erteilte Einwilligung in die Verarbeitung Ihrer Daten k\u00f6nnen Sie jederzeit widerrufen. Dazu reicht eine formlose E-Mail an mario.schroeck@schroeck-engineering.at. Die Rechtm\u00e4\u00dfigkeit der bis zum Widerruf erfolgten Datenverarbeitung bleibt vom Widerruf unber\u00fchrt. Im Falle datenschutzrechtlicher Verst\u00f6\u00dfe steht dem Betroffenen ein Beschwerderecht bei der zust\u00e4ndigen Aufsichtsbeh\u00f6rde zu. In \u00d6sterreich ist dies die Datenschutzbeh\u00f6rde.<\/p>\n<p class=\"moto-text_normal\"><strong>Recht auf Daten\u00fcbertragbarkeit<\/strong><\/p>\n<p class=\"moto-text_normal\">Daten, die wir auf Grundlage Ihrer ausdr\u00fccklichen Einwilligung oder in Erf\u00fcllung eines Vertrages automatisiert verarbeiten, werden auf Verlangen in einem g\u00e4ngigen, maschinenlesbaren Format an Sie oder an einen Dritten ausgeh\u00e4ndigt. Sofern Sie die direkte \u00dcbertragung der Daten an einen anderen Verantwortlichen verlangen, erfolgt dies nur, soweit es technisch machbar ist.<\/p>\n<p class=\"moto-text_normal\"><strong>Auskunft, Sperrung, L\u00f6schung<\/strong><\/p>\n<p class=\"moto-text_normal\">Laut den geltenden gesetzlichen Bestimmungen haben Sie jederzeit das Recht auf unentgeltliche Auskunft \u00fcber Ihre gespeicherten personenbezogenen Daten, deren Herkunft sowie Empf\u00e4nger, den Zweck der Datenverarbeitung sowie gegebenenfalls das Recht auf Berichtigung, Sperrung oder L\u00f6schung dieser Daten. F\u00fcr diese Auskunft oder sonstige Fragen k\u00f6nnen Sie sich jederzeit an mario.schroeck@schroeck-engineering.at wenden.<\/p>\n<p class=\"moto-text_normal\"><strong>Hinweis zur verantwortlichen Stelle<\/strong><\/p>\n<p class=\"moto-text_normal\">Die verantwortliche Stelle f\u00fcr die Datenverarbeitung auf dieser Website ist:<\/p>\n<p class=\"moto-text_normal\">Publicomm GmbH<\/p>\n<p class=\"moto-text_normal\">Gudrunstra\u00dfe 25, 1010 Vienna<\/p>\n<p class=\"moto-text_normal\">Austria \/ Europe<\/p>\n<p class=\"moto-text_normal\">Tel: +43 664 455 6600<\/p>\n<p class=\"moto-text_normal\">E-Mail: office@publicomm.at<\/p>\n<h3 class=\"moto-text_normal\"><strong>3. Datenerfassung auf unserer Website<\/strong><\/h3>\n<p class=\"moto-text_normal\">Server-Log-Dateien<\/p>\n<p class=\"moto-text_normal\">Der Provider der Seite kann folgende Informationen in sogenannten Server-Log-Dateien, die Ihr Browser automatisch an uns \u00fcbermittelt, automatisch erheben und speichern. Diese sind, in anonymisierter bzw. pseudonymisierter Form:<\/p>\n<p class=\"moto-text_normal\">Browsertyp und Browserversion<\/p>\n<p class=\"moto-text_normal\">verwendetes Betriebssystem<\/p>\n<p class=\"moto-text_normal\">Referrer URL<\/p>\n<p class=\"moto-text_normal\">Uhrzeit der Serveranfrage<\/p>\n<p class=\"moto-text_normal\">IP-Adresse, anomysisiert<\/p>\n<p class=\"moto-text_normal\">Eine Zusammenf\u00fchrung dieser Daten mit anderen Datenquellen wird nicht vorgenommen.<\/p>\n<p class=\"moto-text_normal\">Grundlage f\u00fcr die Datenverarbeitung ist Art. 6 Abs. 1 lit. b DSGVO, der die Verarbeitung von Daten zur Erf\u00fcllung eines Vertrags oder vorvertraglicher Ma\u00dfnahmen gestattet.<\/p>\n<p class=\"moto-text_normal\">Verarbeiten von Daten (Kunden- und Vertragsdaten)<\/p>\n<p class=\"moto-text_normal\">Wir erheben, verarbeiten und nutzen personenbezogene Daten nur, soweit sie f\u00fcr die Begr\u00fcndung, inhaltliche Ausgestaltung oder \u00c4nderung des Rechtsverh\u00e4ltnisses erforderlich sind (Bestandsdaten). Dies erfolgt auf Grundlage von Art. 6 Abs. 1 lit. b DSGVO, der die Verarbeitung von Daten zur Erf\u00fcllung eines Vertrags oder vorvertraglicher Ma\u00dfnahmen gestattet, und auf Art. 6 Abs. 1 lit. f DSGVO, der die Verarbeitung zur Wahrung der berechtigten Interessen der Verantwortlichen oder eines Dritten regelt. Personenbezogene Daten \u00fcber die Inanspruchnahme unserer Internetseiten (Nutzungsdaten) erheben, verarbeiten und nutzen wir nur, soweit dies erforderlich ist, um dem Nutzer die Inanspruchnahme des Dienstes zu erm\u00f6glichen oder abzurechnen.<\/p>\n<p class=\"moto-text_normal\">Kontakt- und sonstige Formulare mit \u00dcbertragung personenbezogener Daten.<\/p>\t\t\t\t\t\t<\/div>\n\t\t\t\t<\/div>\n\t\t\t\t\t<\/div>\n\t\t<\/div>\n\t\t\t\t\t<\/div>\n\t\t<\/section>\n\t\t\t\t<\/div>","protected":false},"excerpt":{"rendered":"<p>Datenschutzerkl\u00e4rung 1. Datenschutz auf einen Blick Allgemeine Hinweise Mit den folgenden Hinweisen m\u00f6chten wir Ihnen einen einfachen \u00dcberblick dar\u00fcber geben, was mit ihren personenbezogenen Daten geschieht, wenn Sie unsere Webseite besuchen. Mit personenbezogenen Daten werden s\u00e4mtliche Daten gemeint, mit denen Sie pers\u00f6nlich identifiziert werden k\u00f6nnen. In unserer Datenschutzerkl\u00e4rung finden Sie ausf\u00fchrliche Informationen zum Thema Datenschutz. [&hellip;]<\/p>","protected":false},"author":1,"featured_media":0,"parent":0,"menu_order":0,"comment_status":"closed","ping_status":"closed","template":"","meta":{"_ti_tpc_template_sync":false,"_ti_tpc_template_id":"","footnotes":""},"class_list":["post-130","page","type-page","status-publish","hentry"],"_links":{"self":[{"href":"https:\/\/www.publicomm.at\/de\/wp-json\/wp\/v2\/pages\/130","targetHints":{"allow":["GET"]}}],"collection":[{"href":"https:\/\/www.publicomm.at\/de\/wp-json\/wp\/v2\/pages"}],"about":[{"href":"https:\/\/www.publicomm.at\/de\/wp-json\/wp\/v2\/types\/page"}],"author":[{"embeddable":true,"href":"https:\/\/www.publicomm.at\/de\/wp-json\/wp\/v2\/users\/1"}],"replies":[{"embeddable":true,"href":"https:\/\/www.publicomm.at\/de\/wp-json\/wp\/v2\/comments?post=130"}],"version-history":[{"count":20,"href":"https:\/\/www.publicomm.at\/de\/wp-json\/wp\/v2\/pages\/130\/revisions"}],"predecessor-version":[{"id":1581,"href":"https:\/\/www.publicomm.at\/de\/wp-json\/wp\/v2\/pages\/130\/revisions\/1581"}],"wp:attachment":[{"href":"https:\/\/www.publicomm.at\/de\/wp-json\/wp\/v2\/media?parent=130"}],"curies":[{"name":"wp","href":"https:\/\/api.w.org\/{rel}","templated":true}]}}